{"id":2308,"date":"2015-02-27T08:30:53","date_gmt":"2015-02-27T08:30:53","guid":{"rendered":"https:\/\/abptds.com\/projeler\/"},"modified":"2025-07-24T11:50:11","modified_gmt":"2025-07-24T08:50:11","slug":"%d0%bf%d1%80%d0%be%d0%b5%d0%ba%d1%82%d1%8b","status":"publish","type":"page","link":"https:\/\/abptds.com\/ru\/%d0%bf%d1%80%d0%be%d0%b5%d0%ba%d1%82%d1%8b\/","title":{"rendered":"\u041f\u0420\u041e\u0415\u041a\u0422\u042b"},"content":{"rendered":"<p>[vc_row full_width=&#187;stretch_row_content&#187; css=&#187;.vc_custom_1665144391305{margin-top: -75px !important;}&#187; has_content=&#187;true&#187;][vc_column]<ul class='filter style-1'><i style=\"color: #000000;\" class=\"fa fa-filter\"><\/i><li><button style=\"color: #000000;\" data-filter=\"*\">All<\/button><\/li><span style=\"color: #000000;\">\/<\/span><li><button style=\"color: #000000;\" data-filter=\"%d1%81%d0%b8%d1%81%d1%82%d0%b5%d0%bc%d1%8b-%d1%82%d1%80%d0%b0%d0%bd%d1%81%d0%bf%d0%be%d1%80%d1%82%d0%b8%d1%80%d0%be%d0%b2%d0%ba%d0%b8-%d0%b8-%d1%85%d1%80%d0%b0%d0%bd%d0%b5%d0%bd%d0%b8%d1%8f-%d0%b7\">\u0421\u0438\u0441\u0442\u0435\u043c\u044b \u0442\u0440\u0430\u043d\u0441\u043f\u043e\u0440\u0442\u0438\u0440\u043e\u0432\u043a\u0438 \u0438 \u0445\u0440\u0430\u043d\u0435\u043d\u0438\u044f \u0437\u0435\u0440\u043d\u0430<\/button><\/li><span style=\"color: #000000;\">\/<\/span><li><button style=\"color: #000000;\" data-filter=\"ruzgar-kulesi-ic-aksam-kitleri-ru\">R\u00fczgar Kulesi \u0130\u00e7 Aksam Kitleri<\/button><\/li><\/ul><ul class='portfolio isotope classic' data-page='1' data-per-page='20' data-number='26' data-mobile-class='mobile_class' data-type='classic' data-columns='4' data-order='' data-orderby='default' data-category='0'><li class='isotope-item ruzgar-kulesi-ic-aksam-kitleri-ru col-xs-6 col-md-3'><article class='inner'><a class='item-hover' href='https:\/\/abptds.com\/ru\/portfolio\/gesbey-7-set-ts84-tower-%d0%b2%d0%bd%d1%83%d1%82%d1%80%d0%b5%d0%bd%d0%bd%d0%b5%d0%b5-%d0%be%d0%b1%d0%be%d1%80%d1%83%d0%b4%d0%be%d0%b2%d0%b0%d0%bd%d0%b8%d0%b5-%d0%b4%d0%bb%d1%8f-%d0%bf%d1%80\/'><div class='mask'><\/div><div class='item-info'><div class='headline'><h2>GESBEY 7 SET \u2013 TS84 TOWER \u0412\u041d\u0423\u0422\u0420\u0415\u041d\u041d\u0415\u0415 \u041e\u0411\u041e\u0420\u0423\u0414\u041e\u0412\u0410\u041d\u0418\u0415 \u0414\u041b\u042f \u041f\u0420\u041e\u0418\u0417\u0412\u041e\u0414\u0421\u0422\u0412\u0410<\/h2><\/div><\/div><\/a><div class='item-img'><img src='https:\/\/abptds.com\/wp-content\/uploads\/2022\/11\/DSC01902-360x267.jpg' \/><\/div><\/article><\/li><li class='isotope-item %d1%81%d0%b8%d1%81%d1%82%d0%b5%d0%bc%d1%8b-%d1%82%d1%80%d0%b0%d0%bd%d1%81%d0%bf%d0%be%d1%80%d1%82%d0%b8%d1%80%d0%be%d0%b2%d0%ba%d0%b8-%d0%b8-%d1%85%d1%80%d0%b0%d0%bd%d0%b5%d0%bd%d0%b8%d1%8f-%d0%b7 col-xs-6 col-md-3'><article class='inner'><a class='item-hover' href='https:\/\/abptds.com\/ru\/portfolio\/%d1%82%d1%83%d1%80%d0%ba%d0%bc%d0%b5%d0%bd%d1%81%d0%ba%d0%b8%d0%b9-%d0%bd%d0%b5%d1%84%d1%82%d0%b5%d0%bf%d0%b5%d1%80%d0%b5%d1%80%d0%b0%d0%b1%d0%b0%d1%82%d1%8b%d0%b2%d0%b0%d1%8e%d1%89%d0%b8%d0%b9-%d0%b7\/'><div class='mask'><\/div><div class='item-info'><div class='headline'><h2>\u0422\u0443\u0440\u043a\u043c\u0435\u043d\u0441\u043a\u0438\u0439 \u043d\u0435\u0444\u0442\u0435\u043f\u0435\u0440\u0435\u0440\u0430\u0431\u0430\u0442\u044b\u0432\u0430\u044e\u0449\u0438\u0439 \u0437\u0430\u0432\u043e\u0434, \u0445\u0440\u0430\u043d\u0438\u043b\u0438\u0449\u0435 \u0435\u043c\u043a\u043e\u0441\u0442\u044c\u044e 4 x 5000 \u0442\u043e\u043d\u043d<\/h2><\/div><\/div><\/a><div class='item-img'><img width=\"360\" height=\"267\" src=\"https:\/\/abptds.com\/wp-content\/uploads\/2023\/07\/WhatsApp-Image-2023-07-17-at-09.45.55-360x267.jpeg\" class=\"attachment-post-thumb attachment-post-thumb size-post-thumb wp-post-image\" alt=\"\" loading=\"lazy\" \/><\/div><\/article><\/li><li class='isotope-item ruzgar-kulesi-ic-aksam-kitleri-ru col-xs-6 col-md-3'><article class='inner'><a class='item-hover' href='https:\/\/abptds.com\/ru\/portfolio\/cswind-%d0%ba%d0%be%d0%bc%d0%bf%d0%bb%d0%b5%d0%ba%d1%82%d1%8b-%d0%b4%d0%bb%d1%8f-%d0%b8%d0%bd%d1%82%d0%b5%d1%80%d1%8c%d0%b5%d1%80%d0%b0-%d0%b2%d0%b5%d1%82%d1%80%d1%8f%d0%bd%d0%be%d0%b9-%d0%b1%d0%b0\/'><div class='mask'><\/div><div class='item-info'><div class='headline'><h2>CSWIND &#8212; \u041a\u043e\u043c\u043f\u043b\u0435\u043a\u0442\u044b \u0434\u043b\u044f \u0438\u043d\u0442\u0435\u0440\u044c\u0435\u0440\u0430 \u0432\u0435\u0442\u0440\u044f\u043d\u043e\u0439 \u0431\u0430\u0448\u043d\u0438<\/h2><\/div><\/div><\/a><div class='item-img'><img width=\"360\" height=\"267\" src=\"https:\/\/abptds.com\/wp-content\/uploads\/2025\/11\/CSWIND1-1-360x267.jpeg\" class=\"attachment-post-thumb attachment-post-thumb size-post-thumb wp-post-image\" alt=\"\" loading=\"lazy\" \/><\/div><\/article><\/li><li class='isotope-item %d1%81%d0%b8%d1%81%d1%82%d0%b5%d0%bc%d1%8b-%d1%82%d1%80%d0%b0%d0%bd%d1%81%d0%bf%d0%be%d1%80%d1%82%d0%b8%d1%80%d0%be%d0%b2%d0%ba%d0%b8-%d0%b8-%d1%85%d1%80%d0%b0%d0%bd%d0%b5%d0%bd%d0%b8%d1%8f-%d0%b7 col-xs-6 col-md-3'><article class='inner'><a class='item-hover' href='https:\/\/abptds.com\/ru\/portfolio\/%d0%b3%d0%be%d1%80%d0%b8%d0%b7%d0%be%d0%bd%d1%82%d0%b0%d0%bb%d1%8c%d0%bd%d0%be%d0%b5-%d1%81%d0%ba%d0%bb%d0%b0%d0%b4%d1%81%d0%ba%d0%be%d0%b5-%d1%82%d1%80%d0%b0%d0%bd%d1%81%d0%bf%d0%be%d1%80%d1%82%d0%bd\/'><div class='mask'><\/div><div class='item-info'><div class='headline'><h2>\u0413\u043e\u0440\u0438\u0437\u043e\u043d\u0442\u0430\u043b\u044c\u043d\u043e\u0435 \u0441\u043a\u043b\u0430\u0434\u0441\u043a\u043e\u0435 \u0442\u0440\u0430\u043d\u0441\u043f\u043e\u0440\u0442\u043d\u043e\u0435 \u043e\u0431\u043e\u0440\u0443\u0434\u043e\u0432\u0430\u043d\u0438\u0435 \u0433\u0440\u0443\u0437\u043e\u043f\u043e\u0434\u044a\u0435\u043c\u043d\u043e\u0441\u0442\u044c\u044e 30 000 \u0442\u043e\u043d\u043d \u0432 \u0419\u043e\u0437\u0433\u0430\u0442\u0435\/\u0421\u043e\u0440\u0433\u0443\u043d\u0435<\/h2><\/div><\/div><\/a><div class='item-img'><img width=\"360\" height=\"267\" src=\"https:\/\/abptds.com\/wp-content\/uploads\/2024\/11\/1721379074602-360x267.png\" class=\"attachment-post-thumb attachment-post-thumb size-post-thumb wp-post-image\" alt=\"\" loading=\"lazy\" \/><\/div><\/article><\/li><li class='isotope-item %d1%81%d0%b8%d1%81%d1%82%d0%b5%d0%bc%d1%8b-%d1%82%d1%80%d0%b0%d0%bd%d1%81%d0%bf%d0%be%d1%80%d1%82%d0%b8%d1%80%d0%be%d0%b2%d0%ba%d0%b8-%d0%b8-%d1%85%d1%80%d0%b0%d0%bd%d0%b5%d0%bd%d0%b8%d1%8f-%d0%b7 col-xs-6 col-md-3'><article class='inner'><a class='item-hover' href='https:\/\/abptds.com\/ru\/portfolio\/%d0%b8%d1%80%d0%b0%d0%ba-%d1%85%d0%b0%d0%bb%d0%b0%d0%bf%d0%b4%d0%b6%d0%b0-%d1%81%d1%82%d1%80%d0%be%d0%b8%d1%82%d0%b5%d0%bb%d1%8c%d1%81%d1%82%d0%b2%d0%be-%d1%81%d0%b8%d0%bb%d0%be%d1%81%d0%b0-%d0%b4\/'><div class='mask'><\/div><div class='item-info'><div class='headline'><h2>\u0418\u0420\u0410\u041a \u0425\u0410\u041b\u0410\u041f\u0414\u0416\u0410 \u0421\u0422\u0420\u041e\u0418\u0422\u0415\u041b\u042c\u0421\u0422\u0412\u041e \u0421\u0418\u041b\u041e\u0421\u0410 \u0414\u041b\u042f \u0425\u0420\u0410\u041d\u0415\u041d\u0418\u042f \u041f\u0428\u0415\u041d\u0418\u0426\u042b \u041d\u0410 40 \u0422\u042b\u0421\u042f\u0427 \u0422\u041e\u041d\u041d<\/h2><\/div><\/div><\/a><div class='item-img'><img width=\"360\" height=\"267\" src=\"https:\/\/abptds.com\/wp-content\/uploads\/2024\/11\/WhatsApp-Image-2025-03-19-at-17.17.24-2-360x267.jpeg\" class=\"attachment-post-thumb attachment-post-thumb size-post-thumb wp-post-image\" alt=\"\" loading=\"lazy\" \/><\/div><\/article><\/li><li class='isotope-item ruzgar-kulesi-ic-aksam-kitleri-ru col-xs-6 col-md-3'><article class='inner'><a class='item-hover' href='https:\/\/abptds.com\/ru\/portfolio\/nordex-%d0%ba%d0%be%d0%bc%d0%bf%d0%bb%d0%b5%d0%ba%d1%82%d1%8b-%d0%b4%d0%bb%d1%8f-%d0%b8%d0%bd%d1%82%d0%b5%d1%80%d1%8c%d0%b5%d1%80%d0%b0-%d0%b2%d0%b5%d1%82%d1%80%d1%8f%d0%bd%d0%be%d0%b9-%d0%b1%d0%b0\/'><div class='mask'><\/div><div class='item-info'><div class='headline'><h2>Nordex &#8212; \u041a\u043e\u043c\u043f\u043b\u0435\u043a\u0442\u044b \u0434\u043b\u044f \u0438\u043d\u0442\u0435\u0440\u044c\u0435\u0440\u0430 \u0432\u0435\u0442\u0440\u044f\u043d\u043e\u0439 \u0431\u0430\u0448\u043d\u0438<\/h2><\/div><\/div><\/a><div class='item-img'><img width=\"360\" height=\"267\" src=\"https:\/\/abptds.com\/wp-content\/uploads\/2025\/07\/nordex-14-360x267.jpeg\" class=\"attachment-post-thumb attachment-post-thumb size-post-thumb wp-post-image\" alt=\"\" loading=\"lazy\" \/><\/div><\/article><\/li><li class='isotope-item ruzgar-kulesi-ic-aksam-kitleri-ru col-xs-6 col-md-3'><article class='inner'><a class='item-hover' href='https:\/\/abptds.com\/ru\/portfolio\/gesbey-%d0%ba%d0%be%d0%bc%d0%bf%d0%bb%d0%b5%d0%ba%d1%82%d1%8b-%d0%b4%d0%bb%d1%8f-%d0%b8%d0%bd%d1%82%d0%b5%d1%80%d1%8c%d0%b5%d1%80%d0%b0-%d0%b2%d0%b5%d1%82%d1%80%d1%8f%d0%bd%d0%be%d0%b9-%d0%b1%d0%b0\/'><div class='mask'><\/div><div class='item-info'><div class='headline'><h2>GESBEY &#8212; \u041a\u043e\u043c\u043f\u043b\u0435\u043a\u0442\u044b \u0434\u043b\u044f \u0438\u043d\u0442\u0435\u0440\u044c\u0435\u0440\u0430 \u0432\u0435\u0442\u0440\u044f\u043d\u043e\u0439 \u0431\u0430\u0448\u043d\u0438<\/h2><\/div><\/div><\/a><div class='item-img'><img width=\"360\" height=\"267\" src=\"https:\/\/abptds.com\/wp-content\/uploads\/2025\/11\/GESBEY1-5-360x267.jpeg\" class=\"attachment-post-thumb attachment-post-thumb size-post-thumb wp-post-image\" alt=\"\" loading=\"lazy\" \/><\/div><\/article><\/li><li class='isotope-item %d1%81%d0%b8%d1%81%d1%82%d0%b5%d0%bc%d1%8b-%d1%82%d1%80%d0%b0%d0%bd%d1%81%d0%bf%d0%be%d1%80%d1%82%d0%b8%d1%80%d0%be%d0%b2%d0%ba%d0%b8-%d0%b8-%d1%85%d1%80%d0%b0%d0%bd%d0%b5%d0%bd%d0%b8%d1%8f-%d0%b7 col-xs-6 col-md-3'><article class='inner'><a class='item-hover' href='https:\/\/abptds.com\/ru\/portfolio\/%d9%85%d9%86%d8%b4%d8%a3%d8%a9-%d8%aa%d8%ae%d8%b2%d9%8a%d9%86-%d9%83%d9%87%d8%b1%d9%85%d8%a7%d9%86-%d9%85%d8%b1%d8%b9%d8%b4-%d8%a8%d8%b3%d8%b9%d8%a9-10000-%d8%b7%d9%86\/'><div class='mask'><\/div><div class='item-info'><div class='headline'><h2>\u0645\u0646\u0634\u0623\u0629 \u062a\u062e\u0632\u064a\u0646 \u0643\u0647\u0631\u0645\u0627\u0646 \u0645\u0631\u0639\u0634 \u0628\u0633\u0639\u0629 10,000 \u0637\u0646<\/h2><\/div><\/div><\/a><div class='item-img'><img width=\"360\" height=\"267\" src=\"https:\/\/abptds.com\/wp-content\/uploads\/2022\/03\/fb43b1d1-81b7-44d4-9406-e5e92da8094a-360x267.jpg\" class=\"attachment-post-thumb attachment-post-thumb size-post-thumb wp-post-image\" alt=\"\" loading=\"lazy\" \/><\/div><\/article><\/li><li class='isotope-item %d1%81%d0%b8%d1%81%d1%82%d0%b5%d0%bc%d1%8b-%d1%82%d1%80%d0%b0%d0%bd%d1%81%d0%bf%d0%be%d1%80%d1%82%d0%b8%d1%80%d0%be%d0%b2%d0%ba%d0%b8-%d0%b8-%d1%85%d1%80%d0%b0%d0%bd%d0%b5%d0%bd%d0%b8%d1%8f-%d0%b7 col-xs-6 col-md-3'><article class='inner'><a class='item-hover' href='https:\/\/abptds.com\/ru\/portfolio\/%d0%b0%d1%84%d1%8c%d0%be%d0%bd%d1%81%d0%ba%d0%b8%d0%b9-%d1%81%d0%ba%d0%bb%d0%b0%d0%b4-%d0%b5%d0%bc%d0%ba%d0%be%d1%81%d1%82%d1%8c%d1%8e-30-000-%d1%82%d0%be%d0%bd%d0%bd\/'><div class='mask'><\/div><div class='item-info'><div class='headline'><h2>\u0410\u0444\u044c\u043e\u043d\u0441\u043a\u0438\u0439 \u0441\u043a\u043b\u0430\u0434 \u0435\u043c\u043a\u043e\u0441\u0442\u044c\u044e 30 000 \u0442\u043e\u043d\u043d<\/h2><\/div><\/div><\/a><div class='item-img'><img width=\"360\" height=\"267\" src=\"https:\/\/abptds.com\/wp-content\/uploads\/2020\/07\/3c496be6-4de3-4bc5-9a01-45abaeaf744e-360x267.jpg\" class=\"attachment-post-thumb attachment-post-thumb size-post-thumb wp-post-image\" alt=\"\" loading=\"lazy\" \/><\/div><\/article><\/li><li class='isotope-item ruzgar-kulesi-ic-aksam-kitleri-ru col-xs-6 col-md-3'><article class='inner'><a class='item-hover' href='https:\/\/abptds.com\/ru\/portfolio\/%d0%bf%d1%80%d0%be%d0%b8%d0%b7%d0%b2%d0%be%d0%b4%d1%81%d1%82%d0%b2%d0%be-18-%d0%ba%d0%be%d0%bc%d0%bf%d0%bb%d0%b5%d0%ba%d1%82%d0%be%d0%b2-%d0%b1%d0%b0%d1%88%d0%b5%d0%bd%d0%bd%d0%be%d0%b3%d0%be-%d0%be\/'><div class='mask'><\/div><div class='item-info'><div class='headline'><h2>\u041f\u0440\u043e\u0438\u0437\u0432\u043e\u0434\u0441\u0442\u0432\u043e 18 \u043a\u043e\u043c\u043f\u043b\u0435\u043a\u0442\u043e\u0432 \u0431\u0430\u0448\u0435\u043d\u043d\u043e\u0433\u043e \u043e\u0431\u043e\u0440\u0443\u0434\u043e\u0432\u0430\u043d\u0438\u044f<\/h2><\/div><\/div><\/a><div class='item-img'><img width=\"360\" height=\"267\" src=\"https:\/\/abptds.com\/wp-content\/uploads\/2019\/12\/18-set-kule-ici-ekipman-uretimi-tds-makina-photo-1-360x267.jpg\" class=\"attachment-post-thumb attachment-post-thumb size-post-thumb wp-post-image\" alt=\"\" loading=\"lazy\" \/><\/div><\/article><\/li><li class='isotope-item  col-xs-6 col-md-3'><article class='inner'><a class='item-hover' href='https:\/\/abptds.com\/ru\/portfolio\/%d0%bf%d1%80%d0%be%d0%b8%d0%b7%d0%b2%d0%be%d0%b4%d1%81%d1%82%d0%b2%d0%be-25-%d0%ba%d0%be%d0%bc%d0%bf%d0%bb%d0%b5%d0%ba%d1%82%d0%be%d0%b2-%d0%b2%d0%bd%d1%83%d1%82%d1%80%d0%b5%d0%bd%d0%bd%d0%b8%d1%85\/'><div class='mask'><\/div><div class='item-info'><div class='headline'><h2>\u041f\u0420\u041e\u0418\u0417\u0412\u041e\u0414\u0421\u0422\u0412\u041e 25 \u041a\u041e\u041c\u041f\u041b\u0415\u041a\u0422\u041e\u0412 \u0412\u041d\u0423\u0422\u0420\u0415\u041d\u041d\u0418\u0425 \u041a\u041e\u041c\u041f\u041b\u0415\u041a\u0422\u041e\u0412 \u0412\u0415\u0422\u0420\u041e\u0412\u041e\u0419 \u0422\u0423\u0420\u0411\u0418\u041d\u042b<\/h2><\/div><\/div><\/a><div class='item-img'><img width=\"360\" height=\"267\" src=\"https:\/\/abptds.com\/wp-content\/uploads\/2020\/07\/17e0addb-096b-4b2a-a280-1faa20d66c16-360x267.jpg\" class=\"attachment-post-thumb attachment-post-thumb size-post-thumb wp-post-image\" alt=\"\" loading=\"lazy\" \/><\/div><\/article><\/li><li class='isotope-item %d1%81%d0%b8%d1%81%d1%82%d0%b5%d0%bc%d1%8b-%d1%82%d1%80%d0%b0%d0%bd%d1%81%d0%bf%d0%be%d1%80%d1%82%d0%b8%d1%80%d0%be%d0%b2%d0%ba%d0%b8-%d0%b8-%d1%85%d1%80%d0%b0%d0%bd%d0%b5%d0%bd%d0%b8%d1%8f-%d0%b7 col-xs-6 col-md-3'><article class='inner'><a class='item-hover' href='https:\/\/abptds.com\/ru\/portfolio\/%d0%bf%d1%80%d0%be%d0%b5%d0%ba%d1%82-%d1%81%d0%b5%d0%bd%d0%b5%d0%b3%d0%b0%d0%bb%d1%8c%d0%bd%d0%be%d0%b3%d0%be-%d1%85%d1%80%d0%b0%d0%bd%d0%b8%d0%bb%d0%b8%d1%89%d0%b0-8x5000-%d1%82%d0%be%d0%bd%d0%bd\/'><div class='mask'><\/div><div class='item-info'><div class='headline'><h2>\u041f\u0420\u041e\u0415\u041a\u0422 \u0421\u0415\u041d\u0415\u0413\u0410\u041b\u042c\u041d\u041e\u0413\u041e \u0425\u0420\u0410\u041d\u0418\u041b\u0418\u0429\u0410 8X5000 \u0422\u041e\u041d\u041d<\/h2><\/div><\/div><\/a><div class='item-img'><img width=\"360\" height=\"267\" src=\"https:\/\/abptds.com\/wp-content\/uploads\/2020\/07\/131486769_2788288761489448_5939986034613003270_o-360x267.jpg\" class=\"attachment-post-thumb attachment-post-thumb size-post-thumb wp-post-image\" alt=\"\" loading=\"lazy\" \/><\/div><\/article><\/li><li class='isotope-item ruzgar-kulesi-ic-aksam-kitleri-ru col-xs-6 col-md-3'><article class='inner'><a class='item-hover' href='https:\/\/abptds.com\/ru\/portfolio\/%d0%bf%d1%80%d0%be%d0%b8%d0%b7%d0%b2%d0%be%d0%b4%d1%81%d1%82%d0%b2%d0%be-%d0%b1%d0%b0%d1%88%d0%b5%d0%bd%d0%bd%d0%be%d0%b3%d0%be-%d0%be%d0%b1%d0%be%d1%80%d1%83%d0%b4%d0%be%d0%b2%d0%b0%d0%bd%d0%b8%d1%8f\/'><div class='mask'><\/div><div class='item-info'><div class='headline'><h2>\u041f\u0440\u043e\u0438\u0437\u0432\u043e\u0434\u0441\u0442\u0432\u043e \u0431\u0430\u0448\u0435\u043d\u043d\u043e\u0433\u043e \u043e\u0431\u043e\u0440\u0443\u0434\u043e\u0432\u0430\u043d\u0438\u044f Aluwind 15 Set<\/h2><\/div><\/div><\/a><div class='item-img'><img width=\"360\" height=\"267\" src=\"https:\/\/abptds.com\/wp-content\/uploads\/2020\/11\/eec7174f-da59-45d7-b044-bc4894b29a1e-360x267.jpg\" class=\"attachment-post-thumb attachment-post-thumb size-post-thumb wp-post-image\" alt=\"\" loading=\"lazy\" \/><\/div><\/article><\/li><li class='isotope-item %d1%81%d0%b8%d1%81%d1%82%d0%b5%d0%bc%d1%8b-%d1%82%d1%80%d0%b0%d0%bd%d1%81%d0%bf%d0%be%d1%80%d1%82%d0%b8%d1%80%d0%be%d0%b2%d0%ba%d0%b8-%d0%b8-%d1%85%d1%80%d0%b0%d0%bd%d0%b5%d0%bd%d0%b8%d1%8f-%d0%b7 col-xs-6 col-md-3'><article class='inner'><a class='item-hover' href='https:\/\/abptds.com\/ru\/portfolio\/%d0%ba%d1%8b%d1%80%d1%88%d0%b5%d1%85%d0%b8%d1%80-42000-%d1%82%d0%be%d0%bd%d0%bd-%d0%bb%d0%b8%d1%86%d0%b5%d0%bd%d0%b7%d0%b8%d0%be%d0%bd%d0%bd%d0%be%d0%b3%d0%be-%d1%85%d1%80%d0%b0%d0%bd%d0%b8%d0%bb\/'><div class='mask'><\/div><div class='item-info'><div class='headline'><h2>\u041a\u044b\u0440\u0448\u0435\u0445\u0438\u0440 42000 \u0442\u043e\u043d\u043d \u043b\u0438\u0446\u0435\u043d\u0437\u0438\u043e\u043d\u043d\u043e\u0433\u043e \u0445\u0440\u0430\u043d\u0438\u043b\u0438\u0449\u0430<\/h2><\/div><\/div><\/a><div class='item-img'><img width=\"360\" height=\"267\" src=\"https:\/\/abptds.com\/wp-content\/uploads\/2021\/05\/WhatsApp-Image-2021-05-18-at-11.49.24-360x267.jpeg\" class=\"attachment-post-thumb attachment-post-thumb size-post-thumb wp-post-image\" alt=\"\" loading=\"lazy\" srcset=\"https:\/\/abptds.com\/wp-content\/uploads\/2021\/05\/WhatsApp-Image-2021-05-18-at-11.49.24-360x267.jpeg 360w, https:\/\/abptds.com\/wp-content\/uploads\/2021\/05\/WhatsApp-Image-2021-05-18-at-11.49.24-300x224.jpeg 300w\" sizes=\"(max-width: 360px) 100vw, 360px\" \/><\/div><\/article><\/li><li class='isotope-item %d1%81%d0%b8%d1%81%d1%82%d0%b5%d0%bc%d1%8b-%d1%82%d1%80%d0%b0%d0%bd%d1%81%d0%bf%d0%be%d1%80%d1%82%d0%b8%d1%80%d0%be%d0%b2%d0%ba%d0%b8-%d0%b8-%d1%85%d1%80%d0%b0%d0%bd%d0%b5%d0%bd%d0%b8%d1%8f-%d0%b7 col-xs-6 col-md-3'><article class='inner'><a class='item-hover' href='https:\/\/abptds.com\/ru\/portfolio\/%d0%b1%d0%b0%d0%bd%d0%b4%d0%b8%d1%80%d0%bc%d0%b0-%d1%85%d1%80%d0%b0%d0%bd%d0%b8%d0%bb%d0%b8%d1%89%d0%b5\/'><div class='mask'><\/div><div class='item-info'><div class='headline'><h2>\u0411\u0410\u041d\u0414\u0418\u0420\u041c\u0410 \u0425\u0420\u0410\u041d\u0418\u041b\u0418\u0429\u0415<\/h2><\/div><\/div><\/a><div class='item-img'><img width=\"360\" height=\"267\" src=\"https:\/\/abptds.com\/wp-content\/uploads\/2021\/05\/WhatsApp-Image-2021-05-25-at-09.22.58-1-360x267.jpeg\" class=\"attachment-post-thumb attachment-post-thumb size-post-thumb wp-post-image\" alt=\"\" loading=\"lazy\" \/><\/div><\/article><\/li><li class='isotope-item %d1%81%d0%b8%d1%81%d1%82%d0%b5%d0%bc%d1%8b-%d1%82%d1%80%d0%b0%d0%bd%d1%81%d0%bf%d0%be%d1%80%d1%82%d0%b8%d1%80%d0%be%d0%b2%d0%ba%d0%b8-%d0%b8-%d1%85%d1%80%d0%b0%d0%bd%d0%b5%d0%bd%d0%b8%d1%8f-%d0%b7 col-xs-6 col-md-3'><article class='inner'><a class='item-hover' href='https:\/\/abptds.com\/ru\/portfolio\/%d1%85%d1%80%d0%b0%d0%bd%d0%b8%d0%bb%d0%b8%d1%89%d0%b5-%d0%b0%d1%80%d0%bc%d0%b0%d0%b4%d0%b0\/'><div class='mask'><\/div><div class='item-info'><div class='headline'><h2>\u0425\u0420\u0410\u041d\u0418\u041b\u0418\u0429\u0415 \u0410\u0420\u041c\u0410\u0414\u0410<\/h2><\/div><\/div><\/a><div class='item-img'><img width=\"360\" height=\"267\" src=\"https:\/\/abptds.com\/wp-content\/uploads\/2021\/05\/WhatsApp-Image-2021-05-18-at-11.43.01-1-360x267.jpeg\" class=\"attachment-post-thumb attachment-post-thumb size-post-thumb wp-post-image\" alt=\"\" loading=\"lazy\" \/><\/div><\/article><\/li><li class='isotope-item ruzgar-kulesi-ic-aksam-kitleri-ru col-xs-6 col-md-3'><article class='inner'><a class='item-hover' href='https:\/\/abptds.com\/ru\/portfolio\/14-set-kule-i%cc%87c%cc%a7i-ekipman-u%cc%88retimi\/'><div class='mask'><\/div><div class='item-info'><div class='headline'><h2>14 \u043a\u043e\u043c\u043f\u043b\u0435\u043a\u0442\u043e\u0432 \u0432\u043d\u0443\u0442\u0440\u0438\u0431\u0430\u0448\u0435\u043d\u043d\u043e\u0433\u043e \u043e\u0431\u043e\u0440\u0443\u0434\u043e\u0432\u0430\u043d\u0438\u044f \u0434\u043b\u044f \u043f\u0440\u043e\u0438\u0437\u0432\u043e\u0434\u0441\u0442\u0432\u0430<\/h2><\/div><\/div><\/a><div class='item-img'><img width=\"360\" height=\"267\" src=\"https:\/\/abptds.com\/wp-content\/uploads\/2019\/12\/14-set-kule-ici-ekipman-uretimi-photo-1-360x267.jpg\" class=\"attachment-post-thumb attachment-post-thumb size-post-thumb wp-post-image\" alt=\"\" loading=\"lazy\" \/><\/div><\/article><\/li><li class='isotope-item ruzgar-kulesi-ic-aksam-kitleri-ru col-xs-6 col-md-3'><article class='inner'><a class='item-hover' href='https:\/\/abptds.com\/ru\/portfolio\/20-adet-ruzgar-kulesi-ic-aksami-uretimi\/'><div class='mask'><\/div><div class='item-info'><div class='headline'><h2>\u041f\u0440\u043e\u0438\u0437\u0432\u043e\u0434\u0441\u0442\u0432\u043e 20 \u0434\u0435\u0442\u0430\u043b\u0435\u0439 \u0438\u043d\u0442\u0435\u0440\u044c\u0435\u0440\u0430 \u0432\u0435\u0442\u0440\u044f\u043d\u043e\u0439 \u0431\u0430\u0448\u043d\u0438<\/h2><\/div><\/div><\/a><div class='item-img'><img width=\"360\" height=\"267\" src=\"https:\/\/abptds.com\/wp-content\/uploads\/2014\/12\/urunlerimiz1-360x267.jpg\" class=\"attachment-post-thumb attachment-post-thumb size-post-thumb wp-post-image\" alt=\"\" loading=\"lazy\" \/><\/div><\/article><\/li><li class='isotope-item  col-xs-6 col-md-3'><article class='inner'><a class='item-hover' href='https:\/\/abptds.com\/ru\/portfolio\/7-adet-ruzgar-turbini-ic-aksam-uretimi\/'><div class='mask'><\/div><div class='item-info'><div class='headline'><h2>7 \u041f\u0440\u043e\u0438\u0437\u0432\u043e\u0434\u0441\u0442\u0432\u043e \u0432\u043d\u0443\u0442\u0440\u0435\u043d\u043d\u0438\u0445 \u0434\u0435\u0442\u0430\u043b\u0435\u0439 \u0432\u0435\u0442\u0440\u044f\u043d\u044b\u0445 \u0442\u0443\u0440\u0431\u0438\u043d<\/h2><\/div><\/div><\/a><div class='item-img'><img width=\"360\" height=\"267\" src=\"https:\/\/abptds.com\/wp-content\/uploads\/2014\/12\/urunlerimiz2-360x267.jpg\" class=\"attachment-post-thumb attachment-post-thumb size-post-thumb wp-post-image\" alt=\"\" loading=\"lazy\" \/><\/div><\/article><\/li><li class='isotope-item  col-xs-6 col-md-3'><article class='inner'><a class='item-hover' href='https:\/\/abptds.com\/ru\/portfolio\/cimento-tesisi-elevatorleri\/'><div class='mask'><\/div><div class='item-info'><div class='headline'><h2>\u00c7imento Tesisi Elevat\u00f6rleri<\/h2><\/div><\/div><\/a><div class='item-img'><img width=\"360\" height=\"267\" src=\"https:\/\/abptds.com\/wp-content\/uploads\/2014\/12\/urunlerimiz3-360x267.jpg\" class=\"attachment-post-thumb attachment-post-thumb size-post-thumb wp-post-image\" alt=\"\" loading=\"lazy\" \/><\/div><\/article><\/li><\/ul><div class='portfolio-pagination'><\/div>[\/vc_column][\/vc_row]<\/p>\n","protected":false},"excerpt":{"rendered":"<p>[vc_row full_width=&#187;stretch_row_content&#187; css=&#187;.vc_custom_1665144391305{margin-top: -75px !important;}&#187; has_content=&#187;true&#187;][vc_column][\/vc_column][\/vc_row]<\/p>\n","protected":false},"author":1,"featured_media":0,"parent":0,"menu_order":0,"comment_status":"open","ping_status":"closed","template":"","meta":[],"aioseo_notices":[],"_links":{"self":[{"href":"https:\/\/abptds.com\/ru\/wp-json\/wp\/v2\/pages\/2308"}],"collection":[{"href":"https:\/\/abptds.com\/ru\/wp-json\/wp\/v2\/pages"}],"about":[{"href":"https:\/\/abptds.com\/ru\/wp-json\/wp\/v2\/types\/page"}],"author":[{"embeddable":true,"href":"https:\/\/abptds.com\/ru\/wp-json\/wp\/v2\/users\/1"}],"replies":[{"embeddable":true,"href":"https:\/\/abptds.com\/ru\/wp-json\/wp\/v2\/comments?post=2308"}],"version-history":[{"count":1,"href":"https:\/\/abptds.com\/ru\/wp-json\/wp\/v2\/pages\/2308\/revisions"}],"predecessor-version":[{"id":9663,"href":"https:\/\/abptds.com\/ru\/wp-json\/wp\/v2\/pages\/2308\/revisions\/9663"}],"wp:attachment":[{"href":"https:\/\/abptds.com\/ru\/wp-json\/wp\/v2\/media?parent=2308"}],"curies":[{"name":"wp","href":"https:\/\/api.w.org\/{rel}","templated":true}]}}