{"id":2210,"date":"2019-12-10T06:32:26","date_gmt":"2019-12-10T06:32:26","guid":{"rendered":"https:\/\/abptds.com\/?page_id=2210"},"modified":"2025-07-24T14:34:00","modified_gmt":"2025-07-24T11:34:00","slug":"%d1%87%d0%b5%d0%bb%d0%be%d0%b2%d0%b5%d1%87%d0%b5%d1%81%d0%ba%d0%b8%d0%b5-%d1%80%d0%b5%d1%81%d1%83%d1%80%d1%81%d1%8b","status":"publish","type":"page","link":"https:\/\/abptds.com\/ru\/%d1%87%d0%b5%d0%bb%d0%be%d0%b2%d0%b5%d1%87%d0%b5%d1%81%d0%ba%d0%b8%d0%b5-%d1%80%d0%b5%d1%81%d1%83%d1%80%d1%81%d1%8b\/","title":{"rendered":"\u0427\u0435\u043b\u043e\u0432\u0435\u0447\u0435\u0441\u043a\u0438\u0435 \u0420\u0435\u0441\u0443\u0440\u0441\u044b"},"content":{"rendered":"<p>[vc_row][vc_column width=&#187;1\/2&#8243;][vc_column_text]<\/p>\n<h2><strong>Bize Ula\u015f\u0131n<\/strong><\/h2>\n<p>[\/vc_column_text][vc_empty_space]\n                <div class='gf_browser_gecko gform_wrapper' id='gform_wrapper_2' ><div id='gf_2' class='gform_anchor' tabindex='-1'><\/div><form method='post' enctype='multipart\/form-data' target='gform_ajax_frame_2' id='gform_2'  action='\/ru\/wp-json\/wp\/v2\/pages\/2210#gf_2'> \r\n <input type='hidden' class='gforms-pum' value='{\"closepopup\":false,\"closedelay\":0,\"openpopup\":false,\"openpopup_id\":0}' \/>\n                        <div class='gform_body'><ul id='gform_fields_2' class='gform_fields top_label form_sublabel_below description_below'><li id='field_2_1'  class='gfield gfield_contains_required field_sublabel_below field_description_below hidden_label gfield_visibility_visible' ><label class='gfield_label' for='input_2_1' >Ad\u0131n\u0131z<span class='gfield_required'>*<\/span><\/label><div class='ginput_container ginput_container_text'><input name='input_1' id='input_2_1' type='text' value='' class='large'    placeholder='Ad\u0131n\u0131z' aria-required=\"true\" aria-invalid=\"false\" \/><\/div><\/li><li id='field_2_5'  class='gfield gfield_contains_required field_sublabel_below field_description_below hidden_label gfield_visibility_visible' ><label class='gfield_label' for='input_2_5' >Email<span class='gfield_required'>*<\/span><\/label><div class='ginput_container ginput_container_email'>\n                            <input name='input_5' id='input_2_5' type='text' value='' class='large'   placeholder='E-mail' aria-required=\"true\" aria-invalid=\"false\" \/>\n                        <\/div><\/li><li id='field_2_3'  class='gfield field_sublabel_below field_description_below hidden_label gfield_visibility_visible' ><label class='gfield_label' for='input_2_3' >Telefon<\/label><div class='ginput_container ginput_container_phone'><input name='input_3' id='input_2_3' type='text' value='' class='large'  placeholder='Telefon'  aria-invalid=\"false\"  \/><\/div><\/li><li id='field_2_6'  class='gfield field_sublabel_below field_description_below hidden_label gfield_visibility_visible' ><label class='gfield_label' for='input_2_6' >Mesaj<\/label><div class='ginput_container ginput_container_textarea'><textarea name='input_6' id='input_2_6' class='textarea medium'    placeholder='Mesaj\u0131n\u0131z'  aria-invalid=\"false\"   rows='10' cols='50'><\/textarea><\/div><\/li><li id='field_2_7'  class='gfield gfield_contains_required field_sublabel_below field_description_below gfield_visibility_visible' ><label class='gfield_label'  >\u00d6zge\u00e7mi\u015finizi se\u00e7iniz (CV)<span class='gfield_required'>*<\/span><\/label><div class='ginput_container ginput_container_fileupload'><div id='gform_multifile_upload_2_7' data-settings='{&quot;runtimes&quot;:&quot;html5,flash,html4&quot;,&quot;browse_button&quot;:&quot;gform_browse_button_2_7&quot;,&quot;container&quot;:&quot;gform_multifile_upload_2_7&quot;,&quot;drop_element&quot;:&quot;gform_drag_drop_area_2_7&quot;,&quot;filelist&quot;:&quot;gform_preview_2_7&quot;,&quot;unique_names&quot;:true,&quot;file_data_name&quot;:&quot;file&quot;,&quot;url&quot;:&quot;https:\\\/\\\/abptds.com\\\/?gf_page=dfa059576a68e4c&quot;,&quot;flash_swf_url&quot;:&quot;https:\\\/\\\/abptds.com\\\/wp-includes\\\/js\\\/plupload\\\/plupload.flash.swf&quot;,&quot;silverlight_xap_url&quot;:&quot;https:\\\/\\\/abptds.com\\\/wp-includes\\\/js\\\/plupload\\\/plupload.silverlight.xap&quot;,&quot;filters&quot;:{&quot;mime_types&quot;:[{&quot;title&quot;:&quot;\\u0414\\u043e\\u043f\\u0443\\u0441\\u0442\\u0438\\u043c\\u044b\\u0439 \\u0444\\u0430\\u0439\\u043b\\u044b&quot;,&quot;extensions&quot;:&quot;pdf,doc,docx,xls,xlsx,jpg,png&quot;}],&quot;max_file_size&quot;:&quot;2097152b&quot;},&quot;multipart&quot;:true,&quot;urlstream_upload&quot;:false,&quot;multipart_params&quot;:{&quot;form_id&quot;:2,&quot;field_id&quot;:7},&quot;gf_vars&quot;:{&quot;max_files&quot;:0,&quot;message_id&quot;:&quot;gform_multifile_messages_2_7&quot;,&quot;disallowed_extensions&quot;:[&quot;php&quot;,&quot;asp&quot;,&quot;aspx&quot;,&quot;cmd&quot;,&quot;csh&quot;,&quot;bat&quot;,&quot;html&quot;,&quot;htm&quot;,&quot;hta&quot;,&quot;jar&quot;,&quot;exe&quot;,&quot;com&quot;,&quot;js&quot;,&quot;lnk&quot;,&quot;htaccess&quot;,&quot;phtml&quot;,&quot;ps1&quot;,&quot;ps2&quot;,&quot;php3&quot;,&quot;php4&quot;,&quot;php5&quot;,&quot;php6&quot;,&quot;py&quot;,&quot;rb&quot;,&quot;tmp&quot;]}}' class='gform_fileupload_multifile'>\n\t\t\t\t\t\t\t\t\t\t<div id='gform_drag_drop_area_2_7' class='gform_drop_area'>\n\t\t\t\t\t\t\t\t\t\t\t<span class='gform_drop_instructions'>\u041f\u0435\u0440\u0435\u0442\u0430\u0449\u0438\u0442\u0435 \u0441\u044e\u0434\u0430 \u0444\u0430\u0439\u043b\u044b \u0438\u043b\u0438 <\/span>\n\t\t\t\t\t\t\t\t\t\t\t<input id='gform_browse_button_2_7' type='button' value='\u0412\u044b\u0431\u0435\u0440\u0438\u0442\u0435 \u0444\u0430\u0439\u043b\u044b' class='button gform_button_select_files' aria-describedby='extensions_message_2_7'  \/>\n\t\t\t\t\t\t\t\t\t\t<\/div>\n\t\t\t\t\t\t\t\t\t<\/div><span id='extensions_message_2_7' class='screen-reader-text'>\u041f\u0440\u0438\u043d\u044f\u0442\u044b\u0435 \u0442\u0438\u043f\u044b \u0444\u0430\u0439\u043b\u043e\u0432: pdf, doc, docx, xls, xlsx, jpg, png.<\/span><div class='validation_message'>\n\t\t\t\t\t\t\t\t<ul id='gform_multifile_messages_2_7'>\n\t\t\t\t\t\t\t\t<\/ul>\n\t\t\t\t\t\t\t<\/div><\/div><div id='gform_preview_2_7'><\/div><\/li><li id='field_2_8'  class='gfield field_sublabel_below field_description_below gfield_visibility_visible' ><label class='gfield_label' for='input_2_8' >CAPTCHA<\/label><div id='input_2_8' class='ginput_container ginput_recaptcha' data-sitekey='6LfGZokqAAAAAOtUCr-EeZocEHanT7nIQ1-rQ3W8'  data-theme='light' data-tabindex='-1' data-size='invisible' data-badge='bottomright'><\/div><\/li>\n                            <\/ul><\/div>\n        <div class='gform_footer top_label'> <input type='submit' id='gform_submit_button_2' class='gform_button button' value='G\u00f6nder'  onclick='if(window[\"gf_submitting_2\"]){return false;}  window[\"gf_submitting_2\"]=true;  ' onkeypress='if( event.keyCode == 13 ){ if(window[\"gf_submitting_2\"]){return false;} window[\"gf_submitting_2\"]=true;  jQuery(\"#gform_2\").trigger(\"submit\",[true]); }' \/> <input type='hidden' name='gform_ajax' value='form_id=2&amp;title=&amp;description=&amp;tabindex=0' \/>\n            <input type='hidden' class='gform_hidden' name='is_submit_2' value='1' \/>\n            <input type='hidden' class='gform_hidden' name='gform_submit' value='2' \/>\n            \n            <input type='hidden' class='gform_hidden' name='gform_unique_id' value='' \/>\n            <input type='hidden' class='gform_hidden' name='state_2' value='WyJbXSIsIjYyNmVlMDBiYTc2MDRlNjRjMmNkN2ZhZmIxNGZmMDc3Il0=' \/>\n            <input type='hidden' class='gform_hidden' name='gform_target_page_number_2' id='gform_target_page_number_2' value='0' \/>\n            <input type='hidden' class='gform_hidden' name='gform_source_page_number_2' id='gform_source_page_number_2' value='1' \/>\n            <input type='hidden' name='gform_field_values' value='' \/>\n            <input type='hidden' name='gform_uploaded_files' id='gform_uploaded_files_2' value='' \/>\n        <\/div>\n                        <\/form>\n                        <\/div>\n                <iframe style='display:none;width:0px;height:0px;' src='about:blank' name='gform_ajax_frame_2' id='gform_ajax_frame_2' title='\u042d\u0442\u043e\u0442 iframe \u0441\u043e\u0434\u0435\u0440\u0436\u0438\u0442 \u043d\u0435\u043e\u0431\u0445\u043e\u0434\u0438\u043c\u0443\u044e \u043b\u043e\u0433\u0438\u043a\u0443 \u0434\u043b\u044f \u043e\u0431\u0440\u0430\u0431\u043e\u0442\u043a\u0438 Ajax \u0432 Gravity Forms.'><\/iframe>\n                <script type='text\/javascript'>jQuery(document).ready(function($){gformInitSpinner( 2, 'https:\/\/abptds.com\/wp-content\/plugins\/gravityforms\/images\/spinner.gif' );jQuery('#gform_ajax_frame_2').on('load',function(){var contents = jQuery(this).contents().find('*').html();var is_postback = contents.indexOf('GF_AJAX_POSTBACK') >= 0;if(!is_postback){return;}var form_content = jQuery(this).contents().find('#gform_wrapper_2');var is_confirmation = jQuery(this).contents().find('#gform_confirmation_wrapper_2').length > 0;var is_redirect = contents.indexOf('gformRedirect(){') >= 0;var is_form = form_content.length > 0 && ! is_redirect && ! is_confirmation;var mt = parseInt(jQuery('html').css('margin-top'), 10) + parseInt(jQuery('body').css('margin-top'), 10) + 100;if(is_form){jQuery('#gform_wrapper_2').html(form_content.html());if(form_content.hasClass('gform_validation_error')){jQuery('#gform_wrapper_2').addClass('gform_validation_error');} else {jQuery('#gform_wrapper_2').removeClass('gform_validation_error');}setTimeout( function() { \/* delay the scroll by 50 milliseconds to fix a bug in chrome *\/ jQuery(document).scrollTop(jQuery('#gform_wrapper_2').offset().top - mt); }, 50 );if(window['gformInitDatepicker']) {gformInitDatepicker();}if(window['gformInitPriceFields']) {gformInitPriceFields();}var current_page = jQuery('#gform_source_page_number_2').val();gformInitSpinner( 2, 'https:\/\/abptds.com\/wp-content\/plugins\/gravityforms\/images\/spinner.gif' );jQuery(document).trigger('gform_page_loaded', [2, current_page]);window['gf_submitting_2'] = false;}else if(!is_redirect){var confirmation_content = jQuery(this).contents().find('.GF_AJAX_POSTBACK').html();if(!confirmation_content){confirmation_content = contents;}setTimeout(function(){jQuery('#gform_wrapper_2').replaceWith(confirmation_content);jQuery(document).scrollTop(jQuery('#gf_2').offset().top - mt);jQuery(document).trigger('gform_confirmation_loaded', [2]);window['gf_submitting_2'] = false;}, 50);}else{jQuery('#gform_2').append(contents);if(window['gformRedirect']) {gformRedirect();}}jQuery(document).trigger('gform_post_render', [2, current_page]);} );} );<\/script><script type='text\/javascript'> jQuery(document).bind('gform_post_render', function(event, formId, currentPage){if(formId == 2) {if(typeof Placeholders != 'undefined'){\n                        Placeholders.enable();\n                    }jQuery('#input_2_3').mask('(999) 999-9999').bind('keypress', function(e){if(e.which == 13){jQuery(this).blur();} } );} } );jQuery(document).bind('gform_post_conditional_logic', function(event, formId, fields, isInit){} );<\/script><script type='text\/javascript'> jQuery(document).ready(function(){jQuery(document).trigger('gform_post_render', [2, 1]) } ); <\/script>[\/vc_column][vc_column width=&#187;1\/2&#8243;]<h5 class='heading-content  style-1' ><span>\u0130nsan Kaynaklar\u0131<\/span><\/h5>[vc_column_text]Rekabetimizde ba\u015far\u0131 sa\u011flaman\u0131n en \u00f6nemli yollar\u0131ndan biri, i\u015fletmemizin sahip oldu\u011fu en \u00f6nemli de\u011fer olan insan kayna\u011f\u0131m\u0131za yat\u0131r\u0131m yapmak ve bu kayna\u011f\u0131 en verimli \u015fekilde kullanmakt\u0131r.<\/p>\n<p>\u0130nsan kaynaklar\u0131 y\u00f6netimi, bir i\u015fletmenin en de\u011ferli varl\u0131\u011f\u0131n\u0131n yani \u00e7al\u0131\u015fanlar\u0131n\u0131n etkin bir \u015fekilde y\u00f6netilebilmesi amac\u0131yla ger\u00e7ekle\u015ftirilen faaliyetler b\u00fct\u00fcn\u00fcd\u00fcr. \u0130nsan kaynaklar\u0131 y\u00f6netimi ile ama\u00e7lanan; \u00e7al\u0131\u015fanlar\u0131n i\u015fletmeye katk\u0131lar\u0131n\u0131 en \u00fcst d\u00fczeye \u00e7\u0131karmak, i\u015fletmeyle b\u00fct\u00fcnle\u015fmelerini sa\u011flamak ve memnuniyetlerini artt\u0131rmakt\u0131r.<\/p>\n<p>\u015eirketimiz \u0130nsan kaynaklar\u0131 y\u00f6netimini etkili bir \u015fekilde y\u00fcr\u00fctmesi durumunda :<\/p>\n<p>&#8212; \u0130\u015fg\u00fcc\u00fc sirk\u00fclasyonu olarak adland\u0131r\u0131lan, i\u015ften ayr\u0131lan ve i\u015fe yeni ba\u015flayan personel oran\u0131ndaki d\u00fc\u015f\u00fc\u015f<br \/>\n&#8212; \u0130\u015fe devams\u0131zl\u0131k oran\u0131ndaki azalma<br \/>\n&#8212; \u0130\u015f kazalar\u0131n\u0131n sebep oldu\u011fu kay\u0131plar\u0131n azalmas\u0131<br \/>\n&#8212; \u00dcr\u00fcn \/ hizmet kalitesinin y\u00fckselmesi<br \/>\n&#8212; Hatal\u0131 \u00fcretimin azalmas\u0131<br \/>\n&#8212; Optimum i\u015flem d\u00fczeyine ula\u015fma ve verimlilikte art\u0131\u015f<br \/>\n&#8212; Yap\u0131lan yat\u0131r\u0131mlardan maksimum fayda<br \/>\n&#8212; Masraflar\u0131n azalmas\u0131<br \/>\n&#8212; Sat\u0131\u015f miktarlar\u0131nda ve k\u00e2rda art\u0131\u015f<br \/>\n&#8212; \u0130\u015fletmenin imaj\u0131na olumlu y\u00f6nde katk\u0131<br \/>\n&#8212; \u0130\u015f ortam\u0131nda motivasyonun y\u00fckselmesi<br \/>\n&#8212; Aidiyet hissi y\u00fcksek ve mutlu \u00e7al\u0131\u015fanlar vs. sa\u011flam\u0131\u015f oldu\u011fu yararlar aras\u0131nda yer almaktad\u0131r.<\/p>\n<p>Bu bak\u0131mdan insan kaynaklar\u0131 , t\u00fcm birimler i\u00e7inde bir d\u00f6ng\u00fc yaratm\u0131\u015f olup, \u015firketimiz a\u00e7\u0131s\u0131ndan kilit konumdad\u0131r.[\/vc_column_text][\/vc_column][\/vc_row][vc_row full_width=&#187;stretch_row_content_no_spaces&#187; css=&#187;.vc_custom_1500549738844{margin-top: 50px !important;}&#187;][vc_column]<div class='container'><div class='row owly'><div class='col-md-6 col-xs-6'><h2 style='color:#292929;'>\u0422\u0415\u041a\u0423\u0429\u0418\u0415 \u041f\u0420\u041e\u0415\u041a\u0422\u042b<\/h2><\/div><div class='col-xs-6 col-md-6 align-right'><a class='owlprev' style='background:#ffffff;'><i class='fa fa-chevron-left' style='color:#292929;'><\/i><\/a><a class='owlnext' style='background:#ffffff;'><i class='fa fa-chevron-right' style='color:#292929;'><\/i><\/a><\/div><\/div><\/div><ul class='owl-carousel recentportfolio clearfix' data-col=5><li class='item item-type-line'><a class='item-hover' href=https:\/\/abptds.com\/ru\/portfolio\/gesbey-7-set-ts84-tower-%d0%b2%d0%bd%d1%83%d1%82%d1%80%d0%b5%d0%bd%d0%bd%d0%b5%d0%b5-%d0%be%d0%b1%d0%be%d1%80%d1%83%d0%b4%d0%be%d0%b2%d0%b0%d0%bd%d0%b8%d0%b5-%d0%b4%d0%bb%d1%8f-%d0%bf%d1%80\/><div class='mask'><\/div><div class='item-info'><div class='headline'><h2>GESBEY 7 SET \u2013 TS84 TOWER \u0412\u041d\u0423\u0422\u0420\u0415\u041d\u041d\u0415\u0415 \u041e\u0411\u041e\u0420\u0423\u0414\u041e\u0412\u0410\u041d\u0418\u0415 \u0414\u041b\u042f \u041f\u0420\u041e\u0418\u0417\u0412\u041e\u0414\u0421\u0422\u0412\u0410<\/h2><\/div><\/div><\/a><div class='item-img'><img src='https:\/\/abptds.com\/wp-content\/uploads\/2022\/11\/DSC01902-360x267.jpg' \/><\/div><\/li><li class='item item-type-line'><a class='item-hover' href=https:\/\/abptds.com\/ru\/portfolio\/%d1%82%d1%83%d1%80%d0%ba%d0%bc%d0%b5%d0%bd%d1%81%d0%ba%d0%b8%d0%b9-%d0%bd%d0%b5%d1%84%d1%82%d0%b5%d0%bf%d0%b5%d1%80%d0%b5%d1%80%d0%b0%d0%b1%d0%b0%d1%82%d1%8b%d0%b2%d0%b0%d1%8e%d1%89%d0%b8%d0%b9-%d0%b7\/><div class='mask'><\/div><div class='item-info'><div class='headline'><h2>\u0422\u0443\u0440\u043a\u043c\u0435\u043d\u0441\u043a\u0438\u0439 \u043d\u0435\u0444\u0442\u0435\u043f\u0435\u0440\u0435\u0440\u0430\u0431\u0430\u0442\u044b\u0432\u0430\u044e\u0449\u0438\u0439 \u0437\u0430\u0432\u043e\u0434, \u0445\u0440\u0430\u043d\u0438\u043b\u0438\u0449\u0435 \u0435\u043c\u043a\u043e\u0441\u0442\u044c\u044e 4 x 5000 \u0442\u043e\u043d\u043d<\/h2><\/div><\/div><\/a><div class='item-img'><img width=\"360\" height=\"267\" src=\"https:\/\/abptds.com\/wp-content\/uploads\/2023\/07\/WhatsApp-Image-2023-07-17-at-09.45.55-360x267.jpeg\" class=\"attachment-post-thumb size-post-thumb wp-post-image\" alt=\"\" loading=\"lazy\" \/><\/div><\/li><li class='item item-type-line'><a class='item-hover' href=https:\/\/abptds.com\/ru\/portfolio\/cswind-%d0%ba%d0%be%d0%bc%d0%bf%d0%bb%d0%b5%d0%ba%d1%82%d1%8b-%d0%b4%d0%bb%d1%8f-%d0%b8%d0%bd%d1%82%d0%b5%d1%80%d1%8c%d0%b5%d1%80%d0%b0-%d0%b2%d0%b5%d1%82%d1%80%d1%8f%d0%bd%d0%be%d0%b9-%d0%b1%d0%b0\/><div class='mask'><\/div><div class='item-info'><div class='headline'><h2>CSWIND &#8212; \u041a\u043e\u043c\u043f\u043b\u0435\u043a\u0442\u044b \u0434\u043b\u044f \u0438\u043d\u0442\u0435\u0440\u044c\u0435\u0440\u0430 \u0432\u0435\u0442\u0440\u044f\u043d\u043e\u0439 \u0431\u0430\u0448\u043d\u0438<\/h2><\/div><\/div><\/a><div class='item-img'><img width=\"360\" height=\"267\" src=\"https:\/\/abptds.com\/wp-content\/uploads\/2025\/11\/CSWIND1-1-360x267.jpeg\" class=\"attachment-post-thumb size-post-thumb wp-post-image\" alt=\"\" loading=\"lazy\" \/><\/div><\/li><li class='item item-type-line'><a class='item-hover' href=https:\/\/abptds.com\/ru\/portfolio\/%d0%b3%d0%be%d1%80%d0%b8%d0%b7%d0%be%d0%bd%d1%82%d0%b0%d0%bb%d1%8c%d0%bd%d0%be%d0%b5-%d1%81%d0%ba%d0%bb%d0%b0%d0%b4%d1%81%d0%ba%d0%be%d0%b5-%d1%82%d1%80%d0%b0%d0%bd%d1%81%d0%bf%d0%be%d1%80%d1%82%d0%bd\/><div class='mask'><\/div><div class='item-info'><div class='headline'><h2>\u0413\u043e\u0440\u0438\u0437\u043e\u043d\u0442\u0430\u043b\u044c\u043d\u043e\u0435 \u0441\u043a\u043b\u0430\u0434\u0441\u043a\u043e\u0435 \u0442\u0440\u0430\u043d\u0441\u043f\u043e\u0440\u0442\u043d\u043e\u0435 \u043e\u0431\u043e\u0440\u0443\u0434\u043e\u0432\u0430\u043d\u0438\u0435 \u0433\u0440\u0443\u0437\u043e\u043f\u043e\u0434\u044a\u0435\u043c\u043d\u043e\u0441\u0442\u044c\u044e 30 000 \u0442\u043e\u043d\u043d \u0432 \u0419\u043e\u0437\u0433\u0430\u0442\u0435\/\u0421\u043e\u0440\u0433\u0443\u043d\u0435<\/h2><\/div><\/div><\/a><div class='item-img'><img width=\"360\" height=\"267\" src=\"https:\/\/abptds.com\/wp-content\/uploads\/2024\/11\/1721379074602-360x267.png\" class=\"attachment-post-thumb size-post-thumb wp-post-image\" alt=\"\" loading=\"lazy\" \/><\/div><\/li><li class='item item-type-line'><a class='item-hover' href=https:\/\/abptds.com\/ru\/portfolio\/%d0%b8%d1%80%d0%b0%d0%ba-%d1%85%d0%b0%d0%bb%d0%b0%d0%bf%d0%b4%d0%b6%d0%b0-%d1%81%d1%82%d1%80%d0%be%d0%b8%d1%82%d0%b5%d0%bb%d1%8c%d1%81%d1%82%d0%b2%d0%be-%d1%81%d0%b8%d0%bb%d0%be%d1%81%d0%b0-%d0%b4\/><div class='mask'><\/div><div class='item-info'><div class='headline'><h2>\u0418\u0420\u0410\u041a \u0425\u0410\u041b\u0410\u041f\u0414\u0416\u0410 \u0421\u0422\u0420\u041e\u0418\u0422\u0415\u041b\u042c\u0421\u0422\u0412\u041e \u0421\u0418\u041b\u041e\u0421\u0410 \u0414\u041b\u042f \u0425\u0420\u0410\u041d\u0415\u041d\u0418\u042f \u041f\u0428\u0415\u041d\u0418\u0426\u042b \u041d\u0410 40 \u0422\u042b\u0421\u042f\u0427 \u0422\u041e\u041d\u041d<\/h2><\/div><\/div><\/a><div class='item-img'><img width=\"360\" height=\"267\" src=\"https:\/\/abptds.com\/wp-content\/uploads\/2024\/11\/WhatsApp-Image-2025-03-19-at-17.17.24-2-360x267.jpeg\" class=\"attachment-post-thumb size-post-thumb wp-post-image\" alt=\"\" loading=\"lazy\" \/><\/div><\/li><li class='item item-type-line'><a class='item-hover' href=https:\/\/abptds.com\/ru\/portfolio\/nordex-%d0%ba%d0%be%d0%bc%d0%bf%d0%bb%d0%b5%d0%ba%d1%82%d1%8b-%d0%b4%d0%bb%d1%8f-%d0%b8%d0%bd%d1%82%d0%b5%d1%80%d1%8c%d0%b5%d1%80%d0%b0-%d0%b2%d0%b5%d1%82%d1%80%d1%8f%d0%bd%d0%be%d0%b9-%d0%b1%d0%b0\/><div class='mask'><\/div><div class='item-info'><div class='headline'><h2>Nordex &#8212; \u041a\u043e\u043c\u043f\u043b\u0435\u043a\u0442\u044b \u0434\u043b\u044f \u0438\u043d\u0442\u0435\u0440\u044c\u0435\u0440\u0430 \u0432\u0435\u0442\u0440\u044f\u043d\u043e\u0439 \u0431\u0430\u0448\u043d\u0438<\/h2><\/div><\/div><\/a><div class='item-img'><img width=\"360\" height=\"267\" src=\"https:\/\/abptds.com\/wp-content\/uploads\/2025\/07\/nordex-14-360x267.jpeg\" class=\"attachment-post-thumb size-post-thumb wp-post-image\" alt=\"\" loading=\"lazy\" \/><\/div><\/li><li class='item item-type-line'><a class='item-hover' href=https:\/\/abptds.com\/ru\/portfolio\/gesbey-%d0%ba%d0%be%d0%bc%d0%bf%d0%bb%d0%b5%d0%ba%d1%82%d1%8b-%d0%b4%d0%bb%d1%8f-%d0%b8%d0%bd%d1%82%d0%b5%d1%80%d1%8c%d0%b5%d1%80%d0%b0-%d0%b2%d0%b5%d1%82%d1%80%d1%8f%d0%bd%d0%be%d0%b9-%d0%b1%d0%b0\/><div class='mask'><\/div><div class='item-info'><div class='headline'><h2>GESBEY &#8212; \u041a\u043e\u043c\u043f\u043b\u0435\u043a\u0442\u044b \u0434\u043b\u044f \u0438\u043d\u0442\u0435\u0440\u044c\u0435\u0440\u0430 \u0432\u0435\u0442\u0440\u044f\u043d\u043e\u0439 \u0431\u0430\u0448\u043d\u0438<\/h2><\/div><\/div><\/a><div class='item-img'><img width=\"360\" height=\"267\" src=\"https:\/\/abptds.com\/wp-content\/uploads\/2025\/11\/GESBEY1-5-360x267.jpeg\" class=\"attachment-post-thumb size-post-thumb wp-post-image\" alt=\"\" loading=\"lazy\" \/><\/div><\/li><li class='item item-type-line'><a class='item-hover' href=https:\/\/abptds.com\/ru\/portfolio\/%d9%85%d9%86%d8%b4%d8%a3%d8%a9-%d8%aa%d8%ae%d8%b2%d9%8a%d9%86-%d9%83%d9%87%d8%b1%d9%85%d8%a7%d9%86-%d9%85%d8%b1%d8%b9%d8%b4-%d8%a8%d8%b3%d8%b9%d8%a9-10000-%d8%b7%d9%86\/><div class='mask'><\/div><div class='item-info'><div class='headline'><h2>\u0645\u0646\u0634\u0623\u0629 \u062a\u062e\u0632\u064a\u0646 \u0643\u0647\u0631\u0645\u0627\u0646 \u0645\u0631\u0639\u0634 \u0628\u0633\u0639\u0629 10,000 \u0637\u0646<\/h2><\/div><\/div><\/a><div class='item-img'><img width=\"360\" height=\"267\" src=\"https:\/\/abptds.com\/wp-content\/uploads\/2022\/03\/fb43b1d1-81b7-44d4-9406-e5e92da8094a-360x267.jpg\" class=\"attachment-post-thumb size-post-thumb wp-post-image\" alt=\"\" loading=\"lazy\" \/><\/div><\/li><li class='item item-type-line'><a class='item-hover' href=https:\/\/abptds.com\/ru\/portfolio\/%d0%b0%d1%84%d1%8c%d0%be%d0%bd%d1%81%d0%ba%d0%b8%d0%b9-%d1%81%d0%ba%d0%bb%d0%b0%d0%b4-%d0%b5%d0%bc%d0%ba%d0%be%d1%81%d1%82%d1%8c%d1%8e-30-000-%d1%82%d0%be%d0%bd%d0%bd\/><div class='mask'><\/div><div class='item-info'><div class='headline'><h2>\u0410\u0444\u044c\u043e\u043d\u0441\u043a\u0438\u0439 \u0441\u043a\u043b\u0430\u0434 \u0435\u043c\u043a\u043e\u0441\u0442\u044c\u044e 30 000 \u0442\u043e\u043d\u043d<\/h2><\/div><\/div><\/a><div class='item-img'><img width=\"360\" height=\"267\" src=\"https:\/\/abptds.com\/wp-content\/uploads\/2020\/07\/3c496be6-4de3-4bc5-9a01-45abaeaf744e-360x267.jpg\" class=\"attachment-post-thumb size-post-thumb wp-post-image\" alt=\"\" loading=\"lazy\" \/><\/div><\/li><li class='item item-type-line'><a class='item-hover' href=https:\/\/abptds.com\/ru\/portfolio\/%d0%bf%d1%80%d0%be%d0%b8%d0%b7%d0%b2%d0%be%d0%b4%d1%81%d1%82%d0%b2%d0%be-18-%d0%ba%d0%be%d0%bc%d0%bf%d0%bb%d0%b5%d0%ba%d1%82%d0%be%d0%b2-%d0%b1%d0%b0%d1%88%d0%b5%d0%bd%d0%bd%d0%be%d0%b3%d0%be-%d0%be\/><div class='mask'><\/div><div class='item-info'><div class='headline'><h2>\u041f\u0440\u043e\u0438\u0437\u0432\u043e\u0434\u0441\u0442\u0432\u043e 18 \u043a\u043e\u043c\u043f\u043b\u0435\u043a\u0442\u043e\u0432 \u0431\u0430\u0448\u0435\u043d\u043d\u043e\u0433\u043e \u043e\u0431\u043e\u0440\u0443\u0434\u043e\u0432\u0430\u043d\u0438\u044f<\/h2><\/div><\/div><\/a><div class='item-img'><img width=\"360\" height=\"267\" src=\"https:\/\/abptds.com\/wp-content\/uploads\/2019\/12\/18-set-kule-ici-ekipman-uretimi-tds-makina-photo-1-360x267.jpg\" class=\"attachment-post-thumb size-post-thumb wp-post-image\" alt=\"\" loading=\"lazy\" \/><\/div><\/li><\/ul>[\/vc_column][\/vc_row]<\/p>\n","protected":false},"excerpt":{"rendered":"<p>[vc_row][vc_column width=&#187;1\/2&#8243;][vc_column_text] Bize Ula\u015f\u0131n [\/vc_column_text][vc_empty_space][\/vc_column][vc_column width=&#187;1\/2&#8243;][vc_column_text]Rekabetimizde ba\u015far\u0131 sa\u011flaman\u0131n en \u00f6nemli yollar\u0131ndan biri, i\u015fletmemizin sahip oldu\u011fu en \u00f6nemli de\u011fer olan insan kayna\u011f\u0131m\u0131za yat\u0131r\u0131m yapmak ve bu kayna\u011f\u0131 en verimli \u015fekilde kullanmakt\u0131r. \u0130nsan kaynaklar\u0131 y\u00f6netimi, bir i\u015fletmenin en de\u011ferli varl\u0131\u011f\u0131n\u0131n yani \u00e7al\u0131\u015fanlar\u0131n\u0131n&#8230;<\/p>\n","protected":false},"author":1,"featured_media":0,"parent":0,"menu_order":0,"comment_status":"closed","ping_status":"closed","template":"","meta":[],"aioseo_notices":[],"_links":{"self":[{"href":"https:\/\/abptds.com\/ru\/wp-json\/wp\/v2\/pages\/2210"}],"collection":[{"href":"https:\/\/abptds.com\/ru\/wp-json\/wp\/v2\/pages"}],"about":[{"href":"https:\/\/abptds.com\/ru\/wp-json\/wp\/v2\/types\/page"}],"author":[{"embeddable":true,"href":"https:\/\/abptds.com\/ru\/wp-json\/wp\/v2\/users\/1"}],"replies":[{"embeddable":true,"href":"https:\/\/abptds.com\/ru\/wp-json\/wp\/v2\/comments?post=2210"}],"version-history":[{"count":2,"href":"https:\/\/abptds.com\/ru\/wp-json\/wp\/v2\/pages\/2210\/revisions"}],"predecessor-version":[{"id":9780,"href":"https:\/\/abptds.com\/ru\/wp-json\/wp\/v2\/pages\/2210\/revisions\/9780"}],"wp:attachment":[{"href":"https:\/\/abptds.com\/ru\/wp-json\/wp\/v2\/media?parent=2210"}],"curies":[{"name":"wp","href":"https:\/\/api.w.org\/{rel}","templated":true}]}}