{"id":2214,"date":"2019-12-17T07:34:14","date_gmt":"2019-12-17T07:34:14","guid":{"rendered":"https:\/\/abptds.com\/?page_id=2214"},"modified":"2025-07-24T14:33:21","modified_gmt":"2025-07-24T11:33:21","slug":"human-resources","status":"publish","type":"page","link":"https:\/\/abptds.com\/en\/human-resources\/","title":{"rendered":"Human Resources"},"content":{"rendered":"<p>[vc_row][vc_column width=&#8221;1\/2&#8243;][vc_column_text]<\/p>\n<h2><strong>Contact Us<\/strong><\/h2>\n<p>[\/vc_column_text][vc_empty_space]\n                <div class='gf_browser_gecko gform_wrapper' id='gform_wrapper_2' ><div id='gf_2' class='gform_anchor' tabindex='-1'><\/div><form method='post' enctype='multipart\/form-data' target='gform_ajax_frame_2' id='gform_2'  action='\/en\/wp-json\/wp\/v2\/pages\/2214#gf_2'> \r\n <input type='hidden' class='gforms-pum' value='{\"closepopup\":false,\"closedelay\":0,\"openpopup\":false,\"openpopup_id\":0}' \/>\n                        <div class='gform_body'><ul id='gform_fields_2' class='gform_fields top_label form_sublabel_below description_below'><li id='field_2_1'  class='gfield gfield_contains_required field_sublabel_below field_description_below hidden_label gfield_visibility_visible' ><label class='gfield_label' for='input_2_1' >Ad\u0131n\u0131z<span class='gfield_required'>*<\/span><\/label><div class='ginput_container ginput_container_text'><input name='input_1' id='input_2_1' type='text' value='' class='large'    placeholder='Ad\u0131n\u0131z' aria-required=\"true\" aria-invalid=\"false\" \/><\/div><\/li><li id='field_2_5'  class='gfield gfield_contains_required field_sublabel_below field_description_below hidden_label gfield_visibility_visible' ><label class='gfield_label' for='input_2_5' >Email<span class='gfield_required'>*<\/span><\/label><div class='ginput_container ginput_container_email'>\n                            <input name='input_5' id='input_2_5' type='text' value='' class='large'   placeholder='E-mail' aria-required=\"true\" aria-invalid=\"false\" \/>\n                        <\/div><\/li><li id='field_2_3'  class='gfield field_sublabel_below field_description_below hidden_label gfield_visibility_visible' ><label class='gfield_label' for='input_2_3' >Telefon<\/label><div class='ginput_container ginput_container_phone'><input name='input_3' id='input_2_3' type='text' value='' class='large'  placeholder='Telefon'  aria-invalid=\"false\"  \/><\/div><\/li><li id='field_2_6'  class='gfield field_sublabel_below field_description_below hidden_label gfield_visibility_visible' ><label class='gfield_label' for='input_2_6' >Mesaj<\/label><div class='ginput_container ginput_container_textarea'><textarea name='input_6' id='input_2_6' class='textarea medium'    placeholder='Mesaj\u0131n\u0131z'  aria-invalid=\"false\"   rows='10' cols='50'><\/textarea><\/div><\/li><li id='field_2_7'  class='gfield gfield_contains_required field_sublabel_below field_description_below gfield_visibility_visible' ><label class='gfield_label'  >\u00d6zge\u00e7mi\u015finizi se\u00e7iniz (CV)<span class='gfield_required'>*<\/span><\/label><div class='ginput_container ginput_container_fileupload'><div id='gform_multifile_upload_2_7' data-settings='{&quot;runtimes&quot;:&quot;html5,flash,html4&quot;,&quot;browse_button&quot;:&quot;gform_browse_button_2_7&quot;,&quot;container&quot;:&quot;gform_multifile_upload_2_7&quot;,&quot;drop_element&quot;:&quot;gform_drag_drop_area_2_7&quot;,&quot;filelist&quot;:&quot;gform_preview_2_7&quot;,&quot;unique_names&quot;:true,&quot;file_data_name&quot;:&quot;file&quot;,&quot;url&quot;:&quot;https:\\\/\\\/abptds.com\\\/?gf_page=dfa059576a68e4c&quot;,&quot;flash_swf_url&quot;:&quot;https:\\\/\\\/abptds.com\\\/wp-includes\\\/js\\\/plupload\\\/plupload.flash.swf&quot;,&quot;silverlight_xap_url&quot;:&quot;https:\\\/\\\/abptds.com\\\/wp-includes\\\/js\\\/plupload\\\/plupload.silverlight.xap&quot;,&quot;filters&quot;:{&quot;mime_types&quot;:[{&quot;title&quot;:&quot;Allowed Files&quot;,&quot;extensions&quot;:&quot;pdf,doc,docx,xls,xlsx,jpg,png&quot;}],&quot;max_file_size&quot;:&quot;2097152b&quot;},&quot;multipart&quot;:true,&quot;urlstream_upload&quot;:false,&quot;multipart_params&quot;:{&quot;form_id&quot;:2,&quot;field_id&quot;:7},&quot;gf_vars&quot;:{&quot;max_files&quot;:0,&quot;message_id&quot;:&quot;gform_multifile_messages_2_7&quot;,&quot;disallowed_extensions&quot;:[&quot;php&quot;,&quot;asp&quot;,&quot;aspx&quot;,&quot;cmd&quot;,&quot;csh&quot;,&quot;bat&quot;,&quot;html&quot;,&quot;htm&quot;,&quot;hta&quot;,&quot;jar&quot;,&quot;exe&quot;,&quot;com&quot;,&quot;js&quot;,&quot;lnk&quot;,&quot;htaccess&quot;,&quot;phtml&quot;,&quot;ps1&quot;,&quot;ps2&quot;,&quot;php3&quot;,&quot;php4&quot;,&quot;php5&quot;,&quot;php6&quot;,&quot;py&quot;,&quot;rb&quot;,&quot;tmp&quot;]}}' class='gform_fileupload_multifile'>\n\t\t\t\t\t\t\t\t\t\t<div id='gform_drag_drop_area_2_7' class='gform_drop_area'>\n\t\t\t\t\t\t\t\t\t\t\t<span class='gform_drop_instructions'>Drop files here or <\/span>\n\t\t\t\t\t\t\t\t\t\t\t<input id='gform_browse_button_2_7' type='button' value='Select files' class='button gform_button_select_files' aria-describedby='extensions_message_2_7'  \/>\n\t\t\t\t\t\t\t\t\t\t<\/div>\n\t\t\t\t\t\t\t\t\t<\/div><span id='extensions_message_2_7' class='screen-reader-text'>Accepted file types: pdf, doc, docx, xls, xlsx, jpg, png.<\/span><div class='validation_message'>\n\t\t\t\t\t\t\t\t<ul id='gform_multifile_messages_2_7'>\n\t\t\t\t\t\t\t\t<\/ul>\n\t\t\t\t\t\t\t<\/div><\/div><div id='gform_preview_2_7'><\/div><\/li><li id='field_2_8'  class='gfield field_sublabel_below field_description_below gfield_visibility_visible' ><label class='gfield_label' for='input_2_8' >CAPTCHA<\/label><div id='input_2_8' class='ginput_container ginput_recaptcha' data-sitekey='6LfGZokqAAAAAOtUCr-EeZocEHanT7nIQ1-rQ3W8'  data-theme='light' data-tabindex='-1' data-size='invisible' data-badge='bottomright'><\/div><\/li>\n                            <\/ul><\/div>\n        <div class='gform_footer top_label'> <input type='submit' id='gform_submit_button_2' class='gform_button button' value='G\u00f6nder'  onclick='if(window[\"gf_submitting_2\"]){return false;}  window[\"gf_submitting_2\"]=true;  ' onkeypress='if( event.keyCode == 13 ){ if(window[\"gf_submitting_2\"]){return false;} window[\"gf_submitting_2\"]=true;  jQuery(\"#gform_2\").trigger(\"submit\",[true]); }' \/> <input type='hidden' name='gform_ajax' value='form_id=2&amp;title=&amp;description=&amp;tabindex=0' \/>\n            <input type='hidden' class='gform_hidden' name='is_submit_2' value='1' \/>\n            <input type='hidden' class='gform_hidden' name='gform_submit' value='2' \/>\n            \n            <input type='hidden' class='gform_hidden' name='gform_unique_id' value='' \/>\n            <input type='hidden' class='gform_hidden' name='state_2' value='WyJbXSIsIjYyNmVlMDBiYTc2MDRlNjRjMmNkN2ZhZmIxNGZmMDc3Il0=' \/>\n            <input type='hidden' class='gform_hidden' name='gform_target_page_number_2' id='gform_target_page_number_2' value='0' \/>\n            <input type='hidden' class='gform_hidden' name='gform_source_page_number_2' id='gform_source_page_number_2' value='1' \/>\n            <input type='hidden' name='gform_field_values' value='' \/>\n            <input type='hidden' name='gform_uploaded_files' id='gform_uploaded_files_2' value='' \/>\n        <\/div>\n                        <\/form>\n                        <\/div>\n                <iframe style='display:none;width:0px;height:0px;' src='about:blank' name='gform_ajax_frame_2' id='gform_ajax_frame_2' title='This iframe contains the logic required to handle Ajax powered Gravity Forms.'><\/iframe>\n                <script type='text\/javascript'>jQuery(document).ready(function($){gformInitSpinner( 2, 'https:\/\/abptds.com\/wp-content\/plugins\/gravityforms\/images\/spinner.gif' );jQuery('#gform_ajax_frame_2').on('load',function(){var contents = jQuery(this).contents().find('*').html();var is_postback = contents.indexOf('GF_AJAX_POSTBACK') >= 0;if(!is_postback){return;}var form_content = jQuery(this).contents().find('#gform_wrapper_2');var is_confirmation = jQuery(this).contents().find('#gform_confirmation_wrapper_2').length > 0;var is_redirect = contents.indexOf('gformRedirect(){') >= 0;var is_form = form_content.length > 0 && ! is_redirect && ! is_confirmation;var mt = parseInt(jQuery('html').css('margin-top'), 10) + parseInt(jQuery('body').css('margin-top'), 10) + 100;if(is_form){jQuery('#gform_wrapper_2').html(form_content.html());if(form_content.hasClass('gform_validation_error')){jQuery('#gform_wrapper_2').addClass('gform_validation_error');} else {jQuery('#gform_wrapper_2').removeClass('gform_validation_error');}setTimeout( function() { \/* delay the scroll by 50 milliseconds to fix a bug in chrome *\/ jQuery(document).scrollTop(jQuery('#gform_wrapper_2').offset().top - mt); }, 50 );if(window['gformInitDatepicker']) {gformInitDatepicker();}if(window['gformInitPriceFields']) {gformInitPriceFields();}var current_page = jQuery('#gform_source_page_number_2').val();gformInitSpinner( 2, 'https:\/\/abptds.com\/wp-content\/plugins\/gravityforms\/images\/spinner.gif' );jQuery(document).trigger('gform_page_loaded', [2, current_page]);window['gf_submitting_2'] = false;}else if(!is_redirect){var confirmation_content = jQuery(this).contents().find('.GF_AJAX_POSTBACK').html();if(!confirmation_content){confirmation_content = contents;}setTimeout(function(){jQuery('#gform_wrapper_2').replaceWith(confirmation_content);jQuery(document).scrollTop(jQuery('#gf_2').offset().top - mt);jQuery(document).trigger('gform_confirmation_loaded', [2]);window['gf_submitting_2'] = false;}, 50);}else{jQuery('#gform_2').append(contents);if(window['gformRedirect']) {gformRedirect();}}jQuery(document).trigger('gform_post_render', [2, current_page]);} );} );<\/script><script type='text\/javascript'> jQuery(document).bind('gform_post_render', function(event, formId, currentPage){if(formId == 2) {if(typeof Placeholders != 'undefined'){\n                        Placeholders.enable();\n                    }jQuery('#input_2_3').mask('(999) 999-9999').bind('keypress', function(e){if(e.which == 13){jQuery(this).blur();} } );} } );jQuery(document).bind('gform_post_conditional_logic', function(event, formId, fields, isInit){} );<\/script><script type='text\/javascript'> jQuery(document).ready(function(){jQuery(document).trigger('gform_post_render', [2, 1]) } ); <\/script>[\/vc_column][vc_column width=&#8221;1\/2&#8243;]<h5 class='heading-content  style-1' ><span>\u0130nsan Kaynaklar\u0131<\/span><\/h5>[vc_column_text]<\/p>\n<p>One of the most important ways to achieve success in our competition is to invest in our most valuable asset, human resources, and to utilize this resource in the most efficient way possible.<\/p>\n<p>Human resources management is a set of activities carried out to effectively manage a company\u2019s most valuable asset\u2014its employees. The purpose of human resources management is to maximize employees\u2019 contributions to the company, ensure their integration with the business, and increase their satisfaction.<\/p>\n<p>If our company manages human resources effectively, the benefits include:<\/p>\n<p>&#8211; A decrease in employee turnover, meaning fewer employees leaving and more new hires<br \/>\n&#8211; Reduction in absenteeism<br \/>\n&#8211; Decrease in losses caused by workplace accidents<br \/>\n&#8211; Improvement in product\/service quality<br \/>\n&#8211; Reduction in defective production<br \/>\n&#8211; Achievement of optimal operational levels and increased efficiency<br \/>\n&#8211; Maximizing benefits from investments<br \/>\n&#8211; Reduction of expenses<br \/>\n&#8211; Increases in sales volumes and profits<br \/>\n&#8211; Positive contribution to the company\u2019s image<br \/>\n&#8211; Increased motivation in the work environment<br \/>\n&#8211; Employees with a strong sense of belonging and happiness, among other benefits.<\/p>\n<p>In this regard, human resources create a cycle within all departments and hold a key position for our company.<\/p>\n<p>[\/vc_column_text][\/vc_column][\/vc_row][vc_row full_width=&#8221;stretch_row_content_no_spaces&#8221; css=&#8221;.vc_custom_1500549738844{margin-top: 50px !important;}&#8221;][vc_column]<div class='container'><div class='row owly'><div class='col-md-6 col-xs-6'><h2 style='color:#292929;'>ONGOING PROJECTS<\/h2><\/div><div class='col-xs-6 col-md-6 align-right'><a class='owlprev' style='background:#ffffff;'><i class='fa fa-chevron-left' style='color:#292929;'><\/i><\/a><a class='owlnext' style='background:#ffffff;'><i class='fa fa-chevron-right' style='color:#292929;'><\/i><\/a><\/div><\/div><\/div><ul class='owl-carousel recentportfolio clearfix' data-col=5><li class='item item-type-line'><a class='item-hover' href=https:\/\/abptds.com\/en\/portfolio\/gesbey-7-set-ts-84-tower-inside-equipment-manufacturing\/><div class='mask'><\/div><div class='item-info'><div class='headline'><h2>GESBEY 7 SET \u2013 TS 84 TOWER INSIDE EQUIPMENT MANUFACTURING<\/h2><\/div><\/div><\/a><div class='item-img'><img src='https:\/\/abptds.com\/wp-content\/uploads\/2022\/11\/DSC01902-360x267.jpg' \/><\/div><\/li><li class='item item-type-line'><a class='item-hover' href=https:\/\/abptds.com\/en\/portfolio\/yozgat-sorgun-30000-ton-capacity-horizontal-warehouse-transport-equipment\/><div class='mask'><\/div><div class='item-info'><div class='headline'><h2>Yozgat \/ Sorgun 30,000 Ton Capacity Horizontal Warehouse Transport Equipment<\/h2><\/div><\/div><\/a><div class='item-img'><img width=\"360\" height=\"267\" src=\"https:\/\/abptds.com\/wp-content\/uploads\/2024\/11\/1721379074602-360x267.png\" class=\"attachment-post-thumb size-post-thumb wp-post-image\" alt=\"\" loading=\"lazy\" \/><\/div><\/li><li class='item item-type-line'><a class='item-hover' href=https:\/\/abptds.com\/en\/portfolio\/gesbey-wind-tower-interior-kits\/><div class='mask'><\/div><div class='item-info'><div class='headline'><h2>GESBEY &#8211; Wind Tower Interior Kits<\/h2><\/div><\/div><\/a><div class='item-img'><img width=\"360\" height=\"267\" src=\"https:\/\/abptds.com\/wp-content\/uploads\/2025\/11\/GESBEY1-5-360x267.jpeg\" class=\"attachment-post-thumb size-post-thumb wp-post-image\" alt=\"\" loading=\"lazy\" \/><\/div><\/li><li class='item item-type-line'><a class='item-hover' href=https:\/\/abptds.com\/en\/portfolio\/cswind-wind-tower-interior-kits\/><div class='mask'><\/div><div class='item-info'><div class='headline'><h2>CSWIND &#8211; Wind Tower Interior Kits<\/h2><\/div><\/div><\/a><div class='item-img'><img width=\"360\" height=\"267\" src=\"https:\/\/abptds.com\/wp-content\/uploads\/2025\/11\/CSWIND1-1-360x267.jpeg\" class=\"attachment-post-thumb size-post-thumb wp-post-image\" alt=\"\" loading=\"lazy\" \/><\/div><\/li><li class='item item-type-line'><a class='item-hover' href=https:\/\/abptds.com\/en\/portfolio\/nordex-wind-tower-interior-kits\/><div class='mask'><\/div><div class='item-info'><div class='headline'><h2>Nordex &#8211; Wind Tower Interior Kits<\/h2><\/div><\/div><\/a><div class='item-img'><img width=\"360\" height=\"267\" src=\"https:\/\/abptds.com\/wp-content\/uploads\/2025\/07\/nordex-14-360x267.jpeg\" class=\"attachment-post-thumb size-post-thumb wp-post-image\" alt=\"\" loading=\"lazy\" \/><\/div><\/li><li class='item item-type-line'><a class='item-hover' href=https:\/\/abptds.com\/en\/portfolio\/kahramanmaras-10000-ton-capacity-storage-facility\/><div class='mask'><\/div><div class='item-info'><div class='headline'><h2>Kahramanmara\u015f 10,000 Ton Capacity Storage Facility<\/h2><\/div><\/div><\/a><div class='item-img'><img width=\"360\" height=\"267\" src=\"https:\/\/abptds.com\/wp-content\/uploads\/2022\/03\/fb43b1d1-81b7-44d4-9406-e5e92da8094a-360x267.jpg\" class=\"attachment-post-thumb size-post-thumb wp-post-image\" alt=\"\" loading=\"lazy\" \/><\/div><\/li><li class='item item-type-line'><a class='item-hover' href=https:\/\/abptds.com\/en\/portfolio\/iraq-halepce-40-thousand-tons-of-wheat-storage-silos-construction\/><div class='mask'><\/div><div class='item-info'><div class='headline'><h2>IRAQ HALEP\u00c7E 40 THOUSAND TONS OF WHEAT STORAGE SILOS CONSTRUCTION<\/h2><\/div><\/div><\/a><div class='item-img'><img width=\"360\" height=\"267\" src=\"https:\/\/abptds.com\/wp-content\/uploads\/2024\/11\/WhatsApp-Image-2025-03-19-at-17.17.24-2-360x267.jpeg\" class=\"attachment-post-thumb size-post-thumb wp-post-image\" alt=\"\" loading=\"lazy\" \/><\/div><\/li><li class='item item-type-line'><a class='item-hover' href=https:\/\/abptds.com\/en\/portfolio\/turkmenistan-oil-factory-4x5000-ton-capacity-storage-facility\/><div class='mask'><\/div><div class='item-info'><div class='headline'><h2>Turkmenistan Oil Factory 4&#215;5000 Ton Capacity Storage Facility<\/h2><\/div><\/div><\/a><div class='item-img'><img width=\"360\" height=\"267\" src=\"https:\/\/abptds.com\/wp-content\/uploads\/2023\/07\/WhatsApp-Image-2023-07-17-at-09.45.55-360x267.jpeg\" class=\"attachment-post-thumb size-post-thumb wp-post-image\" alt=\"\" loading=\"lazy\" \/><\/div><\/li><li class='item item-type-line'><a class='item-hover' href=https:\/\/abptds.com\/en\/portfolio\/afyon-30-000-ton-capacity-storage-facility\/><div class='mask'><\/div><div class='item-info'><div class='headline'><h2>Afyon 30.000 Ton Capacity Storage Facility<\/h2><\/div><\/div><\/a><div class='item-img'><img width=\"360\" height=\"267\" src=\"https:\/\/abptds.com\/wp-content\/uploads\/2020\/07\/3c496be6-4de3-4bc5-9a01-45abaeaf744e-360x267.jpg\" class=\"attachment-post-thumb size-post-thumb wp-post-image\" alt=\"\" loading=\"lazy\" \/><\/div><\/li><li class='item item-type-line'><a class='item-hover' href=https:\/\/abptds.com\/en\/portfolio\/production-of-18-sets-of-in-tower-equipment\/><div class='mask'><\/div><div class='item-info'><div class='headline'><h2>Production of 18 Sets of In-Tower Equipment<\/h2><\/div><\/div><\/a><div class='item-img'><img width=\"360\" height=\"267\" src=\"https:\/\/abptds.com\/wp-content\/uploads\/2019\/12\/18-set-kule-ici-ekipman-uretimi-tds-makina-photo-1-360x267.jpg\" class=\"attachment-post-thumb size-post-thumb wp-post-image\" alt=\"\" loading=\"lazy\" \/><\/div><\/li><\/ul>[\/vc_column][\/vc_row]<\/p>\n","protected":false},"excerpt":{"rendered":"<p>[vc_row][vc_column width=&#8221;1\/2&#8243;][vc_column_text] Contact Us [\/vc_column_text][vc_empty_space][\/vc_column][vc_column width=&#8221;1\/2&#8243;][vc_column_text] One of the most important ways to achieve success in our competition is to invest in our most valuable asset, human resources, and to utilize this resource in the most efficient way possible. Human&#8230;<\/p>\n","protected":false},"author":1,"featured_media":0,"parent":0,"menu_order":0,"comment_status":"closed","ping_status":"closed","template":"","meta":[],"aioseo_notices":[],"_links":{"self":[{"href":"https:\/\/abptds.com\/en\/wp-json\/wp\/v2\/pages\/2214"}],"collection":[{"href":"https:\/\/abptds.com\/en\/wp-json\/wp\/v2\/pages"}],"about":[{"href":"https:\/\/abptds.com\/en\/wp-json\/wp\/v2\/types\/page"}],"author":[{"embeddable":true,"href":"https:\/\/abptds.com\/en\/wp-json\/wp\/v2\/users\/1"}],"replies":[{"embeddable":true,"href":"https:\/\/abptds.com\/en\/wp-json\/wp\/v2\/comments?post=2214"}],"version-history":[{"count":3,"href":"https:\/\/abptds.com\/en\/wp-json\/wp\/v2\/pages\/2214\/revisions"}],"predecessor-version":[{"id":9778,"href":"https:\/\/abptds.com\/en\/wp-json\/wp\/v2\/pages\/2214\/revisions\/9778"}],"wp:attachment":[{"href":"https:\/\/abptds.com\/en\/wp-json\/wp\/v2\/media?parent=2214"}],"curies":[{"name":"wp","href":"https:\/\/api.w.org\/{rel}","templated":true}]}}