{"id":2169,"date":"2019-12-10T05:21:40","date_gmt":"2019-12-10T05:21:40","guid":{"rendered":"https:\/\/abptds.com\/tarihcemiz\/"},"modified":"2025-07-24T12:28:36","modified_gmt":"2025-07-24T09:28:36","slug":"history","status":"publish","type":"page","link":"https:\/\/abptds.com\/en\/history\/","title":{"rendered":"History"},"content":{"rendered":"<p>[vc_row][vc_column width=&#8221;1\/2&#8243;][vc_single_image image=&#8221;1635&#8243; img_size=&#8221;full&#8221; alignment=&#8221;center&#8221;][\/vc_column][vc_column width=&#8221;1\/2&#8243;]<h5 class='heading-content  style-1' ><span>Tarih\u00e7emiz<\/span><\/h5>[vc_column_text]<\/p>\n<p>In October 1999, ABP Makina was established under the name Akskom Makina. The company began its first operations in a 350 m\u00b2 workshop in \u0130zmir, taking its initial step into the industry by starting the production of <strong>grain handling equipment<\/strong> using second-hand machinery purchased from \u0130zmir K\u00fcl\u00e7e Makina.<\/p>\n<p>The production process was initiated by two experienced masters who had separated from a subcontracted manufacturing company. Their extensive expertise and skills played a crucial role in the growth of the business.<\/p>\n<p>The increase in workload led to the acquisition of a second workshop in 2001. Along with this new space, Abkant press, guillotine shear, and plasma cutting machines were added to the company\u2019s production capabilities.<\/p>\n<p>In 2003, marking a new beginning, the company name ABP Makina began to gain recognition. By 2005, the company had grown significantly and started operating in a 1,200 m\u00b2 factory in the \u00c7i\u011fli district of \u0130zmir.<\/p>\n<p>Over the years, the company expanded its capacity and equipment, continuing its operations in the Akhisar Organized Industrial Zone in 2007, where it broke sales records. In 2012, a new facility was built, and with new masters, advanced equipment, and an expanded workforce, the company greatly widened its operational scope.<\/p>\n<p>In line with strategic decisions, in 2014 the company continued its operations under the new name ABP TDS (Transport and Storage Systems).<\/p>\n<p>As of 2016, our company entered the energy sector and began producing all <strong>welded and non-welded internal and external components of wind turbines<\/strong> made from steel, stainless steel, and aluminum for major global companies that operate across multiple sectors and lead the energy industry.<\/p>\n<p>[\/vc_column_text][\/vc_column][\/vc_row][vc_row full_width=&#8221;stretch_row_content_no_spaces&#8221; css=&#8221;.vc_custom_1500549738844{margin-top: 50px !important;}&#8221;][vc_column]<div class='container'><div class='row owly'><div class='col-md-6 col-xs-6'><h2 style='color:#292929;'>ONGOING PROJECTS<\/h2><\/div><div class='col-xs-6 col-md-6 align-right'><a class='owlprev' style='background:#ffffff;'><i class='fa fa-chevron-left' style='color:#292929;'><\/i><\/a><a class='owlnext' style='background:#ffffff;'><i class='fa fa-chevron-right' style='color:#292929;'><\/i><\/a><\/div><\/div><\/div><ul class='owl-carousel recentportfolio clearfix' data-col=5><li class='item item-type-line'><a class='item-hover' href=https:\/\/abptds.com\/en\/portfolio\/gesbey-7-set-ts-84-tower-inside-equipment-manufacturing\/><div class='mask'><\/div><div class='item-info'><div class='headline'><h2>GESBEY 7 SET \u2013 TS 84 TOWER INSIDE EQUIPMENT MANUFACTURING<\/h2><\/div><\/div><\/a><div class='item-img'><img src='https:\/\/abptds.com\/wp-content\/uploads\/2022\/11\/DSC01902-360x267.jpg' \/><\/div><\/li><li class='item item-type-line'><a class='item-hover' href=https:\/\/abptds.com\/en\/portfolio\/yozgat-sorgun-30000-ton-capacity-horizontal-warehouse-transport-equipment\/><div class='mask'><\/div><div class='item-info'><div class='headline'><h2>Yozgat \/ Sorgun 30,000 Ton Capacity Horizontal Warehouse Transport Equipment<\/h2><\/div><\/div><\/a><div class='item-img'><img width=\"360\" height=\"267\" src=\"https:\/\/abptds.com\/wp-content\/uploads\/2024\/11\/1721379074602-360x267.png\" class=\"attachment-post-thumb size-post-thumb wp-post-image\" alt=\"\" loading=\"lazy\" \/><\/div><\/li><li class='item item-type-line'><a class='item-hover' href=https:\/\/abptds.com\/en\/portfolio\/gesbey-wind-tower-interior-kits\/><div class='mask'><\/div><div class='item-info'><div class='headline'><h2>GESBEY &#8211; Wind Tower Interior Kits<\/h2><\/div><\/div><\/a><div class='item-img'><img width=\"360\" height=\"267\" src=\"https:\/\/abptds.com\/wp-content\/uploads\/2025\/11\/GESBEY1-5-360x267.jpeg\" class=\"attachment-post-thumb size-post-thumb wp-post-image\" alt=\"\" loading=\"lazy\" \/><\/div><\/li><li class='item item-type-line'><a class='item-hover' href=https:\/\/abptds.com\/en\/portfolio\/cswind-wind-tower-interior-kits\/><div class='mask'><\/div><div class='item-info'><div class='headline'><h2>CSWIND &#8211; Wind Tower Interior Kits<\/h2><\/div><\/div><\/a><div class='item-img'><img width=\"360\" height=\"267\" src=\"https:\/\/abptds.com\/wp-content\/uploads\/2025\/11\/CSWIND1-1-360x267.jpeg\" class=\"attachment-post-thumb size-post-thumb wp-post-image\" alt=\"\" loading=\"lazy\" \/><\/div><\/li><li class='item item-type-line'><a class='item-hover' href=https:\/\/abptds.com\/en\/portfolio\/nordex-wind-tower-interior-kits\/><div class='mask'><\/div><div class='item-info'><div class='headline'><h2>Nordex &#8211; Wind Tower Interior Kits<\/h2><\/div><\/div><\/a><div class='item-img'><img width=\"360\" height=\"267\" src=\"https:\/\/abptds.com\/wp-content\/uploads\/2025\/07\/nordex-14-360x267.jpeg\" class=\"attachment-post-thumb size-post-thumb wp-post-image\" alt=\"\" loading=\"lazy\" \/><\/div><\/li><li class='item item-type-line'><a class='item-hover' href=https:\/\/abptds.com\/en\/portfolio\/kahramanmaras-10000-ton-capacity-storage-facility\/><div class='mask'><\/div><div class='item-info'><div class='headline'><h2>Kahramanmara\u015f 10,000 Ton Capacity Storage Facility<\/h2><\/div><\/div><\/a><div class='item-img'><img width=\"360\" height=\"267\" src=\"https:\/\/abptds.com\/wp-content\/uploads\/2022\/03\/fb43b1d1-81b7-44d4-9406-e5e92da8094a-360x267.jpg\" class=\"attachment-post-thumb size-post-thumb wp-post-image\" alt=\"\" loading=\"lazy\" \/><\/div><\/li><li class='item item-type-line'><a class='item-hover' href=https:\/\/abptds.com\/en\/portfolio\/iraq-halepce-40-thousand-tons-of-wheat-storage-silos-construction\/><div class='mask'><\/div><div class='item-info'><div class='headline'><h2>IRAQ HALEP\u00c7E 40 THOUSAND TONS OF WHEAT STORAGE SILOS CONSTRUCTION<\/h2><\/div><\/div><\/a><div class='item-img'><img width=\"360\" height=\"267\" src=\"https:\/\/abptds.com\/wp-content\/uploads\/2024\/11\/WhatsApp-Image-2025-03-19-at-17.17.24-2-360x267.jpeg\" class=\"attachment-post-thumb size-post-thumb wp-post-image\" alt=\"\" loading=\"lazy\" \/><\/div><\/li><li class='item item-type-line'><a class='item-hover' href=https:\/\/abptds.com\/en\/portfolio\/turkmenistan-oil-factory-4x5000-ton-capacity-storage-facility\/><div class='mask'><\/div><div class='item-info'><div class='headline'><h2>Turkmenistan Oil Factory 4&#215;5000 Ton Capacity Storage Facility<\/h2><\/div><\/div><\/a><div class='item-img'><img width=\"360\" height=\"267\" src=\"https:\/\/abptds.com\/wp-content\/uploads\/2023\/07\/WhatsApp-Image-2023-07-17-at-09.45.55-360x267.jpeg\" class=\"attachment-post-thumb size-post-thumb wp-post-image\" alt=\"\" loading=\"lazy\" \/><\/div><\/li><li class='item item-type-line'><a class='item-hover' href=https:\/\/abptds.com\/en\/portfolio\/afyon-30-000-ton-capacity-storage-facility\/><div class='mask'><\/div><div class='item-info'><div class='headline'><h2>Afyon 30.000 Ton Capacity Storage Facility<\/h2><\/div><\/div><\/a><div class='item-img'><img width=\"360\" height=\"267\" src=\"https:\/\/abptds.com\/wp-content\/uploads\/2020\/07\/3c496be6-4de3-4bc5-9a01-45abaeaf744e-360x267.jpg\" class=\"attachment-post-thumb size-post-thumb wp-post-image\" alt=\"\" loading=\"lazy\" \/><\/div><\/li><li class='item item-type-line'><a class='item-hover' href=https:\/\/abptds.com\/en\/portfolio\/production-of-18-sets-of-in-tower-equipment\/><div class='mask'><\/div><div class='item-info'><div class='headline'><h2>Production of 18 Sets of In-Tower Equipment<\/h2><\/div><\/div><\/a><div class='item-img'><img width=\"360\" height=\"267\" src=\"https:\/\/abptds.com\/wp-content\/uploads\/2019\/12\/18-set-kule-ici-ekipman-uretimi-tds-makina-photo-1-360x267.jpg\" class=\"attachment-post-thumb size-post-thumb wp-post-image\" alt=\"\" loading=\"lazy\" \/><\/div><\/li><\/ul>[\/vc_column][\/vc_row]<\/p>\n","protected":false},"excerpt":{"rendered":"<p>[vc_row][vc_column width=&#8221;1\/2&#8243;][vc_single_image image=&#8221;1635&#8243; img_size=&#8221;full&#8221; alignment=&#8221;center&#8221;][\/vc_column][vc_column width=&#8221;1\/2&#8243;][vc_column_text] In October 1999, ABP Makina was established under the name Akskom Makina. The company began its first operations in a 350 m\u00b2 workshop in \u0130zmir, taking its initial step into the industry by starting&#8230;<\/p>\n","protected":false},"author":1,"featured_media":0,"parent":0,"menu_order":0,"comment_status":"closed","ping_status":"closed","template":"","meta":[],"aioseo_notices":[],"_links":{"self":[{"href":"https:\/\/abptds.com\/en\/wp-json\/wp\/v2\/pages\/2169"}],"collection":[{"href":"https:\/\/abptds.com\/en\/wp-json\/wp\/v2\/pages"}],"about":[{"href":"https:\/\/abptds.com\/en\/wp-json\/wp\/v2\/types\/page"}],"author":[{"embeddable":true,"href":"https:\/\/abptds.com\/en\/wp-json\/wp\/v2\/users\/1"}],"replies":[{"embeddable":true,"href":"https:\/\/abptds.com\/en\/wp-json\/wp\/v2\/comments?post=2169"}],"version-history":[{"count":3,"href":"https:\/\/abptds.com\/en\/wp-json\/wp\/v2\/pages\/2169\/revisions"}],"predecessor-version":[{"id":9716,"href":"https:\/\/abptds.com\/en\/wp-json\/wp\/v2\/pages\/2169\/revisions\/9716"}],"wp:attachment":[{"href":"https:\/\/abptds.com\/en\/wp-json\/wp\/v2\/media?parent=2169"}],"curies":[{"name":"wp","href":"https:\/\/api.w.org\/{rel}","templated":true}]}}